{"id":378,"date":"2015-02-20T23:17:28","date_gmt":"2015-02-20T23:17:28","guid":{"rendered":"http:\/\/podkarpacka.iarp.pl\/?page_id=378"},"modified":"2021-09-21T15:05:30","modified_gmt":"2021-09-21T13:05:30","slug":"uprawnienia","status":"publish","type":"page","link":"https:\/\/podkarpacka.iarp.pl\/?page_id=378","title":{"rendered":"UPRAWNIENIA"},"content":{"rendered":"<p>[vc_row][vc_column width=&#8221;1\/2&#8243;][vc_btn title=&#8221;PRAKTYKA ZAWODOWA PODKARPACKIEJ OKR\u0118GOWEJ IZBY ARCHITEKT\u00d3W RP&#8221; style=&#8221;3d&#8221; shape=&#8221;square&#8221; color=&#8221;violet&#8221; size=&#8221;lg&#8221; link=&#8221;url:http%3A%2F%2Fpodkarpacka.iarp.pl%2F%3Fpage_id%3D429||&#8221;][vc_single_image image=&#8221;1144&#8243; img_size=&#8221;450X210&#8243; alignment=&#8221;center&#8221; style=&#8221;vc_box_shadow_3d&#8221; onclick=&#8221;custom_link&#8221; link=&#8221;https:\/\/podkarpacka.iarp.pl\/?page_id=429&#8243;][\/vc_column][vc_column width=&#8221;1\/2&#8243;][vc_column_text]<strong><em>PRAKTYKA ZAWODOWA PODKARPACKIEJ OKR\u0118GOWEJ IZBY ARCHITEKT\u00d3W RP<\/em><\/strong><\/p>\n<p><em>Od dnia 25 wrze\u015bnia 2014 r. wesz\u0142o w \u017cycie Rozporz\u0105dzenie Ministra Infrastruktury i Rozwoju z dnia 11\u00a0wrze\u015bnia\u00a02014 r. w sprawie samodzielnych funkcji\u00a0technicznych w budownictwie (Dz. U. z 24.09.2014 r. poz. 1278). Zgodnie z \u00a7 3 ust. 7\u00a0 w\/w rozporz\u0105dzenia, praktyk\u0119 zawodow\u0105 (od dnia 25.09.2014r.) nale\u017cy dokumentowa\u0107 w formie o\u015bwiadczenia potwierdzaj\u0105cego odbycie praktyki zawodowej przez kandydata.<\/em>[\/vc_column_text][\/vc_column][\/vc_row][vc_row][vc_column width=&#8221;1\/2&#8243;][vc_btn title=&#8221;POST\u0118POWANIE KWALIFIKACYJNE PODKARPACKIEJ OKR\u0118GOWEJ IZBY ARCHITEKT\u00d3W&#8221; style=&#8221;3d&#8221; shape=&#8221;square&#8221; color=&#8221;danger&#8221; size=&#8221;lg&#8221; link=&#8221;url:http%3A%2F%2Fpodkarpacka.iarp.pl%2F%3Fpage_id%3D431||&#8221;][vc_single_image image=&#8221;1144&#8243; img_size=&#8221;450X210&#8243; alignment=&#8221;center&#8221; style=&#8221;vc_box_shadow_3d&#8221; onclick=&#8221;custom_link&#8221; link=&#8221;https:\/\/podkarpacka.iarp.pl\/?page_id=429&#8243;][\/vc_column][vc_column width=&#8221;1\/2&#8243;][vc_column_text]<em><strong>POST\u0118POWANIE KWALIFIKACYJNE PODKARPACKIEJ OKR\u0118GOWEJ IZBY ARCHITEKT\u00d3W RP<\/strong><\/em><\/p>\n<p>Post\u0119powanie\u00a0 kwalifikacyjne, \u00a0kwalifikowanie wykszta\u0142cenia i\u00a0praktyki zawodowej jako odpowiednich dla danej specjalno\u015bci, przeprowadzanie egzamin\u00f3w oraz weryfikacja umiej\u0119tno\u015bci stosowania wiedzy technicznej, wydawanie decyzji w\u00a0sprawach nadawania uprawnie\u0144 budowlanych nale\u017cy do kompetencji okr\u0119gowych komisji kwalifikacyjnych, w\u0142a\u015bciwych wed\u0142ug miejsca zamieszkania os\u00f3b ubiegaj\u0105cych si\u0119 o\u00a0nadanie uprawnie\u0144.[\/vc_column_text][\/vc_column][\/vc_row][vc_row][vc_column width=&#8221;1\/2&#8243;][vc_btn title=&#8221;EGZAMIN NA UPRAWNIENIA BUDOWLANE W OKR\u0118GOWEJ IZBIE ARCHITEKT\u00d3W&#8221; style=&#8221;3d&#8221; shape=&#8221;square&#8221; color=&#8221;turquoise&#8221; size=&#8221;lg&#8221; link=&#8221;url:http%3A%2F%2Fpodkarpacka.iarp.pl%2F%3Fpage_id%3D433||&#8221;][vc_single_image image=&#8221;1144&#8243; img_size=&#8221;450X210&#8243; alignment=&#8221;center&#8221; style=&#8221;vc_box_shadow_3d&#8221; onclick=&#8221;custom_link&#8221; link=&#8221;https:\/\/podkarpacka.iarp.pl\/?page_id=429&#8243;][\/vc_column][vc_column width=&#8221;1\/2&#8243;][vc_column_text]<strong><em>EGZAMIN NA UPRAWNIENIA BUDOWLANE W PODKARPACKIEJ OKR\u0118GOWEJ IZBIE ARCHITEKT\u00d3W RP<\/em><\/strong><\/p>\n<p><em>Egzaminy na uprawnienia budowlane przeprowadza si\u0119 co najmniej dwa razy w roku, w terminach ustalonych przez Krajow\u0105 Komisj\u0119 Kwalifikacyjn\u0105. Przewodnicz\u0105cy okr\u0119gowej komisji kwalifikacyjnej, nie p\u00f3\u017aniej ni\u017c na 90 dni przed terminem egzaminu, podaje do publicznej wiadomo\u015bci, w formie przyj\u0119tej dla og\u0142osze\u0144 okr\u0119gowej izby, termin egzaminu oraz termin sk\u0142adania wniosk\u00f3w o nadanie uprawnie\u0144 budowlanych.<\/em>[\/vc_column_text][\/vc_column][\/vc_row][vc_row][vc_column width=&#8221;1\/2&#8243;][vc_btn title=&#8221;ARCHITEKCI W UNII EUROPEJSKIEJ PODSTAWOWE REGULACJE PRAWNE&#8221; style=&#8221;3d&#8221; shape=&#8221;square&#8221; color=&#8221;warning&#8221; size=&#8221;lg&#8221; link=&#8221;url:http%3A%2F%2Fpodkarpacka.iarp.pl%2F%3Fpage_id%3D425||&#8221;][vc_single_image image=&#8221;1144&#8243; img_size=&#8221;450X210&#8243; alignment=&#8221;center&#8221; style=&#8221;vc_box_shadow_3d&#8221; onclick=&#8221;custom_link&#8221; link=&#8221;https:\/\/podkarpacka.iarp.pl\/?page_id=429&#8243;][\/vc_column][vc_column width=&#8221;1\/2&#8243;][vc_column_text]<strong><em>ARCHITEKCI W UNII EUROPEJSKIEJ &#8211; REGULACJE PRAWNE UZNAWANIA KWALIFIKACJI<\/em><\/strong><\/p>\n<p><em>Procedury weryfikacji polskich uprawnie\u0144 za granic\u0105 ustalane s\u0105 na poziomie narodowym przez odpowiednie instytucje w krajach docelowych. W celu zapoznania si\u0119 tym procedurami, nale\u017cy skontaktowa\u0107 si\u0119 z izb\u0105 architekt\u00f3w wybranego kraju cz\u0142onkowskiego Unii Europejskiej.\u00a0Dyrektywa 85\/384 Dyrektywa Rady z dnia 10 czerwca 1985 r. w sprawie wzajemnego uznawania dyplom\u00f3w, \u015bwiadectw i innych dokument\u00f3w<\/em>[\/vc_column_text][\/vc_column][\/vc_row][vc_row][vc_column width=&#8221;1\/2&#8243;][vc_btn title=&#8221;ZAKRESY UPRAWNIE\u0143 OD 1928r DO TERAZ&#8221; style=&#8221;3d&#8221; shape=&#8221;square&#8221; color=&#8221;pink&#8221; size=&#8221;lg&#8221; link=&#8221;url:http%3A%2F%2Fpodkarpacka.iarp.pl%2F%3Fpage_id%3D425||&#8221;][vc_single_image image=&#8221;1144&#8243; img_size=&#8221;450X210&#8243; alignment=&#8221;center&#8221; style=&#8221;vc_box_shadow_3d&#8221; onclick=&#8221;custom_link&#8221; link=&#8221;https:\/\/podkarpacka.iarp.pl\/?page_id=429&#8243;][\/vc_column][vc_column width=&#8221;1\/2&#8243;][vc_column_text]<em><strong>ZAKRESY UPRAWNIE\u0143 DO PROJEKTOWANIA ARCHITETURY W OGRANICZONYM ZAKRESIE od 1928r<\/strong><\/em><\/p>\n<p><em>Tabela do pobrania u\u0142atwiaj\u0105ca znalezienie podstaw prawnych archiwalnych do pobrania:<\/em><\/p>\n<p><a href=\"https:\/\/podkarpacka.iarp.pl\/wp-content\/uploads\/2021\/09\/Struktura-ograniczonych-uprawnie\u0144-architektonicznych.pdf\">Struktura ograniczonych uprawnie\u0144 architektonicznych<\/a>[\/vc_column_text][\/vc_column][\/vc_row]<\/p>\n","protected":false},"excerpt":{"rendered":"<p>[vc_row][vc_column width=&#8221;1\/2&#8243;][vc_btn title=&#8221;PRAKTYKA ZAWODOWA PODKARPACKIEJ OKR\u0118GOWEJ IZBY ARCHITEKT\u00d3W RP&#8221; style=&#8221;3d&#8221; shape=&#8221;square&#8221; color=&#8221;violet&#8221; size=&#8221;lg&#8221; link=&#8221;url:http%3A%2F%2Fpodkarpacka.iarp.pl%2F%3Fpage_id%3D429||&#8221;][vc_single_image image=&#8221;1144&#8243; img_size=&#8221;450X210&#8243; alignment=&#8221;center&#8221; style=&#8221;vc_box_shadow_3d&#8221; onclick=&#8221;custom_link&#8221; link=&#8221;https:\/\/podkarpacka.iarp.pl\/?page_id=429&#8243;][\/vc_column][vc_column width=&#8221;1\/2&#8243;][vc_column_text]PRAKTYKA ZAWODOWA PODKARPACKIEJ OKR\u0118GOWEJ IZBY ARCHITEKT\u00d3W RP Od dnia 25 wrze\u015bnia 2014 r. wesz\u0142o w \u017cycie Rozporz\u0105dzenie Ministra Infrastruktury i Rozwoju z dnia 11\u00a0wrze\u015bnia\u00a02014 r. w sprawie samodzielnych funkcji\u00a0technicznych w budownictwie (Dz. U. z 24.09.2014 [&hellip;]<\/p>\n","protected":false},"author":7,"featured_media":0,"parent":0,"menu_order":0,"comment_status":"closed","ping_status":"open","template":"","meta":{"footnotes":""},"class_list":["post-378","page","type-page","status-publish","hentry"],"publishpress_future_action":{"enabled":false,"date":"2026-05-06 01:00:16","action":"change-status","newStatus":"draft","terms":[],"taxonomy":"","extraData":[]},"publishpress_future_workflow_manual_trigger":{"enabledWorkflows":[]},"_links":{"self":[{"href":"https:\/\/podkarpacka.iarp.pl\/index.php?rest_route=\/wp\/v2\/pages\/378","targetHints":{"allow":["GET"]}}],"collection":[{"href":"https:\/\/podkarpacka.iarp.pl\/index.php?rest_route=\/wp\/v2\/pages"}],"about":[{"href":"https:\/\/podkarpacka.iarp.pl\/index.php?rest_route=\/wp\/v2\/types\/page"}],"author":[{"embeddable":true,"href":"https:\/\/podkarpacka.iarp.pl\/index.php?rest_route=\/wp\/v2\/users\/7"}],"replies":[{"embeddable":true,"href":"https:\/\/podkarpacka.iarp.pl\/index.php?rest_route=%2Fwp%2Fv2%2Fcomments&post=378"}],"version-history":[{"count":11,"href":"https:\/\/podkarpacka.iarp.pl\/index.php?rest_route=\/wp\/v2\/pages\/378\/revisions"}],"predecessor-version":[{"id":4382,"href":"https:\/\/podkarpacka.iarp.pl\/index.php?rest_route=\/wp\/v2\/pages\/378\/revisions\/4382"}],"wp:attachment":[{"href":"https:\/\/podkarpacka.iarp.pl\/index.php?rest_route=%2Fwp%2Fv2%2Fmedia&parent=378"}],"curies":[{"name":"wp","href":"https:\/\/api.w.org\/{rel}","templated":true}]}}