{"id":421,"date":"2015-02-21T00:28:48","date_gmt":"2015-02-21T00:28:48","guid":{"rendered":"http:\/\/podkarpacka.iarp.pl\/?page_id=421"},"modified":"2026-04-28T14:14:45","modified_gmt":"2026-04-28T13:14:45","slug":"skladki-czlonkowskie","status":"publish","type":"page","link":"https:\/\/podkarpacka.iarp.pl\/?page_id=421","title":{"rendered":"OP\u0141ATY CZ\u0141ONKOWSKIE"},"content":{"rendered":"<p><a href=\"https:\/\/podkarpacka.iarp.pl\/wp-content\/uploads\/2015\/02\/logo-izba-male.png\"><img loading=\"lazy\" decoding=\"async\" class=\"alignleft size-full wp-image-470\" src=\"https:\/\/podkarpacka.iarp.pl\/wp-content\/uploads\/2015\/02\/logo-izba-male.png\" alt=\"logo izba male\" width=\"140\" height=\"80\" \/><\/a><\/p>\n<h2 style=\"margin: 0px 30px 0px; text-align: left;\">SK\u0141ADKI CZ\u0141ONKOWSKIE PODKARPACKIEJ OKR\u0118GOWEJ IZBY ARCHITEKT\u00d3W RP<\/h2>\n<hr style=\"margin: 10px 0px 25px;\" \/>\n<p class=\"p1\" style=\"text-align: justify;\">Wysoko\u015b\u0107 sk\u0142adki cz\u0142onkowskiej w sytuacji zawieszenia wynosi <span class=\"s1\"><strong>10%<\/strong><\/span> sk\u0142adki obowi\u0105zuj\u0105cej w danym okresie.<\/p>\n<ul>\n<li class=\"p1\" style=\"text-align: justify;\"><strong>Sk\u0142adka\u00a0 nie obejmuje obowi\u0105zkowego ubezpieczenia OC. <\/strong><\/li>\n<li class=\"p1\" style=\"text-align: justify;\"><strong>Sk\u0142adk\u0119 nale\u017cy wp\u0142aci\u0107 na rachunek bankowy PKOIA.<\/strong><\/li>\n<\/ul>\n<p>&nbsp;<\/p>\n<table style=\"height: 482px;\" width=\"610\">\n<tbody>\n<tr>\n<td colspan=\"2\" bgcolor=\"#f0f0f0\" width=\"610\">\n<h2 style=\"margin: -5px 0px -5px; text-align: center;\"><strong>SK\u0141ADKA CZ\u0141ONKOWSKA OD 01.01.2026 ROKU<\/strong><\/h2>\n<\/td>\n<\/tr>\n<tr>\n<td style=\"text-align: center;\" bgcolor=\"#f0f0f0\" width=\"300\"><strong>DLA CZYNNEGO CZ\u0141ONKA PKOIA\u00a0<\/strong><\/td>\n<td style=\"text-align: center;\" width=\"300\"><span style=\"color: #808080;\"><strong>DLA ZAWIESZONEGO CZ\u0141ONKA PKOIA\u00a0<\/strong><\/span><\/td>\n<\/tr>\n<tr>\n<td bgcolor=\"#f0f0f0\">\n<h1 style=\"text-align: center;\"><strong>125,00 PLN<\/strong><\/h1>\n<\/td>\n<td>\n<h1 style=\"text-align: center;\"><span style=\"color: #808080;\">12,50 PLN<\/span><\/h1>\n<\/td>\n<\/tr>\n<tr>\n<td style=\"text-align: center;\" bgcolor=\"#f0f0f0\">\u00a0MIESI\u0118CZNIE 100%\u00a0SK\u0141ADKI OBOWI\u0104ZUJ\u0104CEJ W DANYM OKRESIE<\/td>\n<td style=\"text-align: center;\"><span style=\"color: #808080;\">\u00a0MIESI\u0118CZNIE 10%\u00a0SK\u0141ADKI OBOWI\u0104ZUJ\u0104CEJ W DANYM OKRESIE<\/span><\/td>\n<\/tr>\n<tr>\n<td style=\"text-align: center;\" colspan=\"2\">TYTU\u0141EM W KOLEJNO\u015aCI:<br \/>\nNR PRZYNALE\u017bNO\u015aCI, SK\u0141ADKA\/PRZYWR\u00d3CENIE\/PONOWNY WPIS, IMI\u0118 NAZWISKO)<br \/>\n(np. PK-0000, PRZYWR\u00d3CENIE, IMI\u0118 NAZWISKO)<\/td>\n<\/tr>\n<tr>\n<td style=\"text-align: center;\" colspan=\"2\">NUMER KONTA (POWSZECHNA KASA OSZCZ\u0118DNO\u015aCI BANK POLSKI SA)<\/p>\n<h3 style=\"margin: -10px 0px 0px; text-align: center;\">20 1020 4391 0000 6202 0002 7334<\/h3>\n<\/td>\n<\/tr>\n<tr>\n<td style=\"text-align: center;\" colspan=\"2\">PODKARPACKA OKR\u0118GOWA IZBA ARCHITEKT\u00d3W RZECZYPOSPOLITEJ POLSKIEJ<br \/>\nUL. RYNEK 8, 35-064 RZESZ\u00d3W<\/td>\n<\/tr>\n<\/tbody>\n<\/table>\n<p>&nbsp;<\/p>\n<table style=\"height: 482px;\" width=\"610\">\n<tbody>\n<tr>\n<td colspan=\"2\" bgcolor=\"#f0f0f0\" width=\"610\">\n<h2 style=\"margin: -5px 0px -5px; text-align: center;\"><strong>INNE OP\u0141ATY OD 01.01.2026 ROKU<\/strong><\/h2>\n<\/td>\n<\/tr>\n<tr>\n<td style=\"text-align: center;\" colspan=\"2\" bgcolor=\"#f0f0f0\"><strong>INNE NI\u017b SK\u0141ADKA CZ\u0141ONKOWSKA\u00a0OP\u0141ATY NA RZECZ SAMORZ\u0104DU ZAWODOWEGO\u00a0ARCHITEKT\u00d3W<\/strong><\/td>\n<\/tr>\n<tr>\n<td>\n<h4>Wpis na list\u0119 cz\u0142onk\u00f3w Izby :<\/h4>\n<\/td>\n<td width=\"110\">\n<h3 style=\"margin: -5px 0px -5px; text-align: center;\">820,00 PLN<\/h3>\n<\/td>\n<\/tr>\n<tr>\n<td>\n<h4>Ponowny wpis na list\u0119 cz\u0142onk\u00f3w Izby :<\/h4>\n<\/td>\n<td>\n<h3 style=\"margin: -5px 0px -5px; text-align: center;\">2050,00 PLN<\/h3>\n<\/td>\n<\/tr>\n<tr>\n<td>\n<h4>Przywr\u00f3cenie w prawach cz\u0142onka Izby po okresie zawieszenia (zawieszenie na wniosek cz\u0142onka Izby)<\/h4>\n<p><em>Zwolnienie od tej op\u0142aty dotyczy cz\u0142onk\u00f3w, co do kt\u00f3rych przyczyn\u0105 zawieszenia w prawach cz\u0142onka Izby by\u0142o zaj\u015bcie w ci\u0105\u017c\u0119, przej\u015bcie na urlop macierzy\u0144ski lub urlop wychowawczy<\/em><\/td>\n<td>\n<h3 style=\"margin: -5px 0px -5px; text-align: center;\">820,00 PLN<\/h3>\n<\/td>\n<\/tr>\n<tr>\n<td>\n<h4>Op\u0142ata za szkolenie uzupe\u0142niaj\u0105ce przy ponownym wpisie na list\u0119 cz\u0142onk\u00f3w Izby<\/h4>\n<\/td>\n<td>\n<h3 style=\"margin: -5px 0px -5px; text-align: center;\">210,00 PLN<\/h3>\n<\/td>\n<\/tr>\n<\/tbody>\n<\/table>\n<p>&nbsp;<\/p>\n<table style=\"height: 482px;\" width=\"610\">\n<tbody>\n<tr>\n<td colspan=\"2\" bgcolor=\"#f0f0f0\" width=\"610\">\n<h2 style=\"margin: -5px 0px -5px; text-align: center;\"><strong>SK\u0141ADKA CZ\u0141ONKOWSKA OD 01.01.2025 ROKU<\/strong><\/h2>\n<\/td>\n<\/tr>\n<tr>\n<td style=\"text-align: center;\" bgcolor=\"#f0f0f0\" width=\"300\"><strong>DLA CZYNNEGO CZ\u0141ONKA PKOIA\u00a0<\/strong><\/td>\n<td style=\"text-align: center;\" width=\"300\"><span style=\"color: #808080;\"><strong>DLA ZAWIESZONEGO CZ\u0141ONKA PKOIA\u00a0<\/strong><\/span><\/td>\n<\/tr>\n<tr>\n<td bgcolor=\"#f0f0f0\">\n<h1 style=\"text-align: center;\"><strong>125,00 PLN<\/strong><\/h1>\n<\/td>\n<td>\n<h1 style=\"text-align: center;\"><span style=\"color: #808080;\">12,50 PLN<\/span><\/h1>\n<\/td>\n<\/tr>\n<tr>\n<td style=\"text-align: center;\" bgcolor=\"#f0f0f0\">\u00a0MIESI\u0118CZNIE 100%\u00a0SK\u0141ADKI OBOWI\u0104ZUJ\u0104CEJ W DANYM OKRESIE<\/td>\n<td style=\"text-align: center;\"><span style=\"color: #808080;\">\u00a0MIESI\u0118CZNIE 10%\u00a0SK\u0141ADKI OBOWI\u0104ZUJ\u0104CEJ W DANYM OKRESIE<\/span><\/td>\n<\/tr>\n<tr>\n<td style=\"text-align: center;\" colspan=\"2\">TYTU\u0141EM W KOLEJNO\u015aCI:<br \/>\nNR PRZYNALE\u017bNO\u015aCI, SK\u0141ADKA\/PRZYWR\u00d3CENIE\/PONOWNY WPIS, IMI\u0118 NAZWISKO)<br \/>\n(np. PK-0000, SK\u0141ADKA, IMI\u0118 NAZWISKO)<\/td>\n<\/tr>\n<tr>\n<td style=\"text-align: center;\" colspan=\"2\">NUMER KONTA (POWSZECHNA KASA OSZCZ\u0118DNO\u015aCI BANK POLSKI SA)<\/p>\n<h3 style=\"margin: -10px 0px 0px; text-align: center;\">20 1020 4391 0000 6202 0002 7334<\/h3>\n<\/td>\n<\/tr>\n<tr>\n<td style=\"text-align: center;\" colspan=\"2\">PODKARPACKA OKR\u0118GOWA IZBA ARCHITEKT\u00d3W RZECZYPOSPOLITEJ POLSKIEJ<br \/>\nUL. RYNEK 8, 35-064 RZESZ\u00d3W<\/td>\n<\/tr>\n<\/tbody>\n<\/table>\n<p>&nbsp;<\/p>\n<table style=\"height: 482px;\" width=\"610\">\n<tbody>\n<tr>\n<td colspan=\"2\" bgcolor=\"#f0f0f0\" width=\"610\">\n<h2 style=\"margin: -5px 0px -5px; text-align: center;\"><strong>INNE OP\u0141ATY OD 01.01.2025 ROKU<\/strong><\/h2>\n<\/td>\n<\/tr>\n<tr>\n<td style=\"text-align: center;\" colspan=\"2\" bgcolor=\"#f0f0f0\"><strong>INNE NI\u017b SK\u0141ADKA CZ\u0141ONKOWSKA\u00a0OP\u0141ATY NA RZECZ SAMORZ\u0104DU ZAWODOWEGO\u00a0ARCHITEKT\u00d3W<\/strong><\/td>\n<\/tr>\n<tr>\n<td>\n<h4>Wpis na list\u0119 cz\u0142onk\u00f3w Izby :<\/h4>\n<\/td>\n<td width=\"110\">\n<h3 style=\"margin: -5px 0px -5px; text-align: center;\">720,00 PLN<\/h3>\n<\/td>\n<\/tr>\n<tr>\n<td>\n<h4>Ponowny wpis na list\u0119 cz\u0142onk\u00f3w Izby :<\/h4>\n<\/td>\n<td>\n<h3 style=\"margin: -5px 0px -5px; text-align: center;\">1790,00 PLN<\/h3>\n<\/td>\n<\/tr>\n<tr>\n<td>\n<h4>Przywr\u00f3cenie w prawach cz\u0142onka Izby po okresie zawieszenia (zawieszenie na wniosek cz\u0142onka Izby)<\/h4>\n<p><em>Zwolnienie od tej op\u0142aty dotyczy cz\u0142onk\u00f3w, co do kt\u00f3rych przyczyn\u0105 zawieszenia w prawach cz\u0142onka Izby by\u0142o zaj\u015bcie w ci\u0105\u017c\u0119, przej\u015bcie na urlop macierzy\u0144ski lub urlop wychowawczy<\/em><\/td>\n<td>\n<h3 style=\"margin: -5px 0px -5px; text-align: center;\">720,00 PLN<\/h3>\n<\/td>\n<\/tr>\n<tr>\n<td>\n<h4>Op\u0142ata za szkolenie uzupe\u0142niaj\u0105ce przy ponownym wpisie na list\u0119 cz\u0142onk\u00f3w Izby<\/h4>\n<\/td>\n<td>\n<h3 style=\"margin: -5px 0px -5px; text-align: center;\">210,00 PLN<\/h3>\n<\/td>\n<\/tr>\n<\/tbody>\n<\/table>\n<p><strong>POWY\u017bSZE KWOTY NALE\u017bY WP\u0141ACI\u0106 NA RACHUNEK BANKOWY: <\/strong><\/p>\n<p>PODKARPACKA OKR\u0118GOWA IZBA ARCHITEKT\u00d3W RZECZYPOSPOLITEJ POLSKIEJ<\/p>\n<p>UL. RYNEK 8, 35-064 RZESZ\u00d3W<\/p>\n<p>NUMER KONTA BANKOWEGO: 20102043910000620200027334<\/p>\n<p>POWSZECHNA KASA OSZCZ\u0118DNO\u015aCI BANK POLSKI SA<\/p>\n<p>&nbsp;<\/p>\n<p><strong style=\"font-family: Consolas, Monaco, monospace;\"><br \/>\nPOWY\u017bSZE KWOTY NALE\u017bY WP\u0141ACI\u0106 NA RACHUNEK BANKOWY:<\/strong><\/p>\n<pre>PODKARPACKA OKR\u0118GOWA IZBA ARCHITEKT\u00d3W RZECZYPOSPOLITEJ POLSKIEJ\r\nUL. RYNEK 8, 35-064 RZESZ\u00d3W\r\n\r\nNUMER KONTA BANKOWEGO:\r\n20102043910000620200027334\r\nPOWSZECHNA KASA OSZCZ\u0118DNO\u015aCI BANK POLSKI SA\r\n<span style=\"font-family: Georgia, 'Times New Roman', 'Bitstream Charter', Times, serif; line-height: 1.5;\">\u00a0<\/span><\/pre>\n","protected":false},"excerpt":{"rendered":"<p>SK\u0141ADKI CZ\u0141ONKOWSKIE PODKARPACKIEJ OKR\u0118GOWEJ IZBY ARCHITEKT\u00d3W RP Wysoko\u015b\u0107 sk\u0142adki cz\u0142onkowskiej w sytuacji zawieszenia wynosi 10% sk\u0142adki obowi\u0105zuj\u0105cej w danym okresie. Sk\u0142adka\u00a0 nie obejmuje obowi\u0105zkowego ubezpieczenia OC. Sk\u0142adk\u0119 nale\u017cy wp\u0142aci\u0107 na rachunek bankowy PKOIA. &nbsp; SK\u0141ADKA CZ\u0141ONKOWSKA OD 01.01.2026 ROKU DLA CZYNNEGO CZ\u0141ONKA PKOIA\u00a0 DLA ZAWIESZONEGO CZ\u0141ONKA PKOIA\u00a0 125,00 PLN 12,50 PLN \u00a0MIESI\u0118CZNIE 100%\u00a0SK\u0141ADKI OBOWI\u0104ZUJ\u0104CEJ W [&hellip;]<\/p>\n","protected":false},"author":7,"featured_media":0,"parent":376,"menu_order":0,"comment_status":"closed","ping_status":"closed","template":"","meta":{"footnotes":""},"class_list":["post-421","page","type-page","status-publish","hentry"],"publishpress_future_action":{"enabled":false,"date":"2026-05-06 15:05:22","action":"change-status","newStatus":"draft","terms":[],"taxonomy":"","extraData":[]},"publishpress_future_workflow_manual_trigger":{"enabledWorkflows":[]},"_links":{"self":[{"href":"https:\/\/podkarpacka.iarp.pl\/index.php?rest_route=\/wp\/v2\/pages\/421","targetHints":{"allow":["GET"]}}],"collection":[{"href":"https:\/\/podkarpacka.iarp.pl\/index.php?rest_route=\/wp\/v2\/pages"}],"about":[{"href":"https:\/\/podkarpacka.iarp.pl\/index.php?rest_route=\/wp\/v2\/types\/page"}],"author":[{"embeddable":true,"href":"https:\/\/podkarpacka.iarp.pl\/index.php?rest_route=\/wp\/v2\/users\/7"}],"replies":[{"embeddable":true,"href":"https:\/\/podkarpacka.iarp.pl\/index.php?rest_route=%2Fwp%2Fv2%2Fcomments&post=421"}],"version-history":[{"count":38,"href":"https:\/\/podkarpacka.iarp.pl\/index.php?rest_route=\/wp\/v2\/pages\/421\/revisions"}],"predecessor-version":[{"id":8218,"href":"https:\/\/podkarpacka.iarp.pl\/index.php?rest_route=\/wp\/v2\/pages\/421\/revisions\/8218"}],"up":[{"embeddable":true,"href":"https:\/\/podkarpacka.iarp.pl\/index.php?rest_route=\/wp\/v2\/pages\/376"}],"wp:attachment":[{"href":"https:\/\/podkarpacka.iarp.pl\/index.php?rest_route=%2Fwp%2Fv2%2Fmedia&parent=421"}],"curies":[{"name":"wp","href":"https:\/\/api.w.org\/{rel}","templated":true}]}}