{"id":425,"date":"2015-02-21T00:30:06","date_gmt":"2015-02-21T00:30:06","guid":{"rendered":"http:\/\/podkarpacka.iarp.pl\/?page_id=425"},"modified":"2015-02-22T00:53:52","modified_gmt":"2015-02-22T00:53:52","slug":"architekci-w-ue","status":"publish","type":"page","link":"https:\/\/podkarpacka.iarp.pl\/?page_id=425","title":{"rendered":"ARCHITEKCI W UE"},"content":{"rendered":"<p><a href=\"https:\/\/podkarpacka.iarp.pl\/wp-content\/uploads\/2015\/02\/logo-izba-male.png\"><img loading=\"lazy\" decoding=\"async\" class=\"alignleft size-full wp-image-470\" src=\"https:\/\/podkarpacka.iarp.pl\/wp-content\/uploads\/2015\/02\/logo-izba-male.png\" alt=\"logo izba male\" width=\"140\" height=\"80\" \/><\/a><\/p>\n<h2 style=\"margin: 0px 30px 0px; text-align: left;\">ARCHITEKCI W UNII EUROPEJSKIEJ PODSTAWOWE REGULACJE PRAWNE<\/h2>\n<hr style=\"margin: 10px 0px 25px;\" \/>\n<h3 style=\"text-align: justify;\">Regulamin post\u0119powania weryfikacyjnego w stosunku do os\u00f3b b\u0119d\u0105cych obywatelami pa\u0144stw UE<\/h3>\n<p style=\"text-align: justify;\">Regulamin post\u0119powania weryfikacyjnego w stosunku do os\u00f3b b\u0119d\u0105cych obywatelami pa\u0144stw Europejskiego Obszaru Gospodarczego oraz Konfederacji Szwajcarskiej \u2013\u00a0tekst jednolity\u00a0\u2013\u00a0stan od dnia 7 lipca 2005 r.<\/p>\n<p style=\"text-align: justify;\">Uchwa\u0142a nr O-06-04 Krajowej Rady Izby Architekt\u00f3w z dnia 21 kwietnia 2004 roku.<br \/>\nRegulamin post\u0119powania weryfikacyjnego w stosunku do os\u00f3b b\u0119d\u0105cych obywatelami pa\u0144stw Europejskiego Obszaru Gospodarczego oraz Konfederacji Szwajcarskiej, kt\u00f3re zamierzaj\u0105 uzyska\u0107 i wykonywa\u0107 na terytorium Rzeczypospolitej Polskiej uprawnienia budow-lane w specjalno\u015bci architektonicznej do projektowania bez ogranicze\u0144, na podstawie praw, wykszta\u0142cenia i praktyki uzyskanych za granic\u0105.<\/p>\n<h3 style=\"text-align: justify;\">Dyrektywa 85\/384<\/h3>\n<p style=\"text-align: justify;\">Dyrektywa Rady z dnia 10 czerwca 1985 r. w sprawie wzajemnego uznawania dyplom\u00f3w, \u015bwiadectw i innych dokument\u00f3w potwierdzaj\u0105cych posiadanie kwalifikacji w dziedzinie architektury oraz \u015brodk\u00f3w maj\u0105cych na celu u\u0142atwienie skutecznego korzystania z prawa przedsi\u0119biorczo\u015bci i swobody \u015bwiadczenia us\u0142ug.<\/p>\n<p style=\"text-align: justify;\"><strong>Pliki do pobrania:<\/strong><\/p>\n<hr \/>\n<p style=\"text-align: justify;\">\n<ul style=\"text-align: justify;\">\n<li><strong><a href=\"http:\/\/malopolska.iarp.pl\/upload_doc\/Dyrektywa%2085.doc\">Dyrektywa 85\/384 &#8211; t\u0142umaczenie polskie (wersja robocza)<\/a><\/strong><\/li>\n<\/ul>\n<hr \/>\n<h2 style=\"text-align: justify;\"><\/h2>\n<h2 style=\"text-align: justify;\">Charakterystyka dzia\u0142alno\u015bci na terenie UE<\/h2>\n<p style=\"text-align: justify;\">Informacja dla architekt\u00f3w staraj\u0105cych si\u0119 o weryfikacj\u0119 polskich uprawnie\u0144 budowlanych za granic\u0105.<\/p>\n<p style=\"text-align: justify;\">Procedury weryfikacji polskich uprawnie\u0144 za granic\u0105 ustalane s\u0105 na poziomie narodowym przez odpowiednie instytucje w krajach docelowych. W celu zapoznania si\u0119 tym procedurami, nale\u017cy skontaktowa\u0107 si\u0119 z izb\u0105 architekt\u00f3w wybranego kraju cz\u0142onkowskiego Unii Europejskiej.<\/p>\n<p style=\"text-align: justify;\">\n<hr \/>\n<p style=\"text-align: justify;\">\n<ul style=\"text-align: justify;\">\n<li><strong>Austria: Bundeskammer der Architekten und Ingenieurkonsulenten BAIK<\/strong><a href=\"mailto: &lt;script type='text\/javascript'&gt; &lt;!-- var prefix = 'ma' + 'il' + 'to'; var path = 'hr' + 'ef' + '='; var addy48025 = 'office' + '@'; addy48025 = addy48025 + 'arching' + '.' + 'at'; document.write('&lt;a ' + path + '\\'' + prefix + ':' + addy48025 + '\\'&gt;'); document.write(addy48025); document.write('&lt;\\\/a&gt;'); \/\/--&gt;\\n &lt;\/script&gt;&lt;script type='text\/javascript'&gt; &lt;!-- document.write('&lt;span style=\\'display: none;\\'&gt;'); \/\/--&gt; &lt;\/script&gt;Ten adres pocztowy jest chroniony przed spamowaniem. Aby go zobaczy%C4%87, konieczne jest w%C5%82%C4%85czenie obs%C5%82ugi JavaScript. &lt;script type='text\/javascript'&gt; &lt;!-- document.write('&lt;\/'); document.write('span&gt;'); \/\/--&gt; &lt;\/script&gt;\"><br \/>\n<\/a><a href=\"mailto:office@arching.at\">office@arching.at<\/a><\/p>\n<hr \/>\n<\/li>\n<li><strong>Belgia: Conseil National de l\u2019Ordre des Architectes CNOA<\/strong><a href=\"mailto: &lt;script type='text\/javascript'&gt; &lt;!-- var prefix = 'ma' + 'il' + 'to'; var path = 'hr' + 'ef' + '='; var addy77252 = 'conseil.national' + '@'; addy77252 = addy77252 + 'OrdredesArchitectes' + '.' + 'be'; document.write('&lt;a ' + path + '\\'' + prefix + ':' + addy77252 + '\\'&gt;'); document.write(addy77252); document.write('&lt;\\\/a&gt;'); \/\/--&gt;\\n &lt;\/script&gt;&lt;script type='text\/javascript'&gt; &lt;!-- document.write('&lt;span style=\\'display: none;\\'&gt;'); \/\/--&gt; &lt;\/script&gt;Ten adres pocztowy jest chroniony przed spamowaniem. Aby go zobaczy%C4%87, konieczne jest w%C5%82%C4%85czenie obs%C5%82ugi JavaScript. &lt;script type='text\/javascript'&gt; &lt;!-- document.write('&lt;\/'); document.write('span&gt;'); \/\/--&gt; &lt;\/script&gt;\"><br \/>\n<\/a><a href=\"mailto:conseil.national@OrdredesArchitectes.be\">conseil.national@OrdredesArchitectes.be<\/a><\/p>\n<hr \/>\n<\/li>\n<li><strong>Cypr: Cyprus Architects Association CAA<\/strong><br \/>\n<a href=\"mailto:cyprus.architects.association@cytanet.com.cy\">cyprus.architects.association@cytanet.com.cy<\/a><\/p>\n<hr \/>\n<\/li>\n<li><strong>Czechy: Czech Chamber of Architects CKA<\/strong><br \/>\n<a href=\"mailto:cka@cka.cc\">cka@cka.cc<\/a><\/p>\n<hr \/>\n<\/li>\n<li><strong>Dania: Akademisk Arkitektforening AA<\/strong><br \/>\n<a href=\"mailto:info@danskeark.org\">info@danskeark.org<\/a><\/p>\n<hr \/>\n<\/li>\n<li><strong>Estonia: The Union of Estonian Architects UEA<\/strong><br \/>\n<a href=\"mailto:ealiit@online.ee\">ealiit@online.ee<\/a><\/p>\n<hr \/>\n<\/li>\n<li><strong>Finlandia: Finnish Association of Architects SAFA<\/strong><a href=\"mailto: &lt;script type='text\/javascript'&gt; &lt;!-- var prefix = 'ma' + 'il' + 'to'; var path = 'hr' + 'ef' + '='; var addy79699 = 'safa' + '@'; addy79699 = addy79699 + 'safa' + '.' + 'fi'; document.write('&lt;a ' + path + '\\'' + prefix + ':' + addy79699 + '\\'&gt;'); document.write(addy79699); document.write('&lt;\\\/a&gt;'); \/\/--&gt;\\n &lt;\/script&gt;&lt;script type='text\/javascript'&gt; &lt;!-- document.write('&lt;span style=\\'display: none;\\'&gt;'); \/\/--&gt; &lt;\/script&gt;Ten adres pocztowy jest chroniony przed spamowaniem. Aby go zobaczy%C4%87, konieczne jest w%C5%82%C4%85czenie obs%C5%82ugi JavaScript. &lt;script type='text\/javascript'&gt; &lt;!-- document.write('&lt;\/'); document.write('span&gt;'); \/\/--&gt; &lt;\/script&gt;\"><br \/>\n<\/a><a href=\"mailto:safa@safa.fi\">safa@safa.fi<\/a><\/p>\n<hr \/>\n<\/li>\n<li><strong>Francja: Conseil National de l\u2019Ordre des Architectes CNOA<\/strong><br \/>\n<a href=\"mailto:internat@cnoa.com\">internat@cnoa.com<\/a><\/p>\n<hr \/>\n<\/li>\n<li><strong>Grecja: Association des Architectes Diplom\u00e9s SADAS<\/strong><br \/>\n<a href=\"mailto:sadas-pea@tee.gr\">sadas-pea@tee.gr<\/a><\/p>\n<hr \/>\n<\/li>\n<li><strong>Hiszpania: Consejo Superior de los Colegios de Arquitectos de Espana CSCAE<\/strong><a href=\"mailto: &lt;script type='text\/javascript'&gt; &lt;!-- var prefix = 'ma' + 'il' + 'to'; var path = 'hr' + 'ef' + '='; var addy33937 = 'consejo.internacional' + '@'; addy33937 = addy33937 + 'arquinex' + '.' + 'es'; document.write('&lt;a ' + path + '\\'' + prefix + ':' + addy33937 + '\\'&gt;'); document.write(addy33937); document.write('&lt;\\\/a&gt;'); \/\/--&gt;\\n &lt;\/script&gt;&lt;script type='text\/javascript'&gt; &lt;!-- document.write('&lt;span style=\\'display: none;\\'&gt;'); \/\/--&gt; &lt;\/script&gt;Ten adres pocztowy jest chroniony przed spamowaniem. Aby go zobaczy%C4%87, konieczne jest w%C5%82%C4%85czenie obs%C5%82ugi JavaScript. &lt;script type='text\/javascript'&gt; &lt;!-- document.write('&lt;\/'); document.write('span&gt;'); \/\/--&gt; &lt;\/script&gt;\"><br \/>\n<\/a><a href=\"mailto:consejo.internacional@arquinex.es\">consejo.internacional@arquinex.es<\/a><\/p>\n<hr \/>\n<\/li>\n<li><strong>Holandia: Bond van Nederlandse Architecten BNA\u00a0<\/strong><a href=\"mailto: &lt;script type='text\/javascript'&gt; &lt;!-- var prefix = 'ma' + 'il' + 'to'; var path = 'hr' + 'ef' + '='; var addy10619 = 'bvisser' + '@'; addy10619 = addy10619 + 'bna' + '.' + 'nl'; document.write('&lt;a ' + path + '\\'' + prefix + ':' + addy10619 + '\\'&gt;'); document.write(addy10619); document.write('&lt;\\\/a&gt;'); \/\/--&gt;\\n &lt;\/script&gt;&lt;script type='text\/javascript'&gt; &lt;!-- document.write('&lt;span style=\\'display: none;\\'&gt;'); \/\/--&gt; &lt;\/script&gt;Ten adres pocztowy jest chroniony przed spamowaniem. Aby go zobaczy%C4%87, konieczne jest w%C5%82%C4%85czenie obs%C5%82ugi JavaScript. &lt;script type='text\/javascript'&gt; &lt;!-- document.write('&lt;\/'); document.write('span&gt;'); \/\/--&gt; &lt;\/script&gt;\"><br \/>\n<\/a><a href=\"mailto:bvisser@bna.nl\">bvisser@bna.nl<\/a><\/p>\n<hr \/>\n<\/li>\n<li><strong>Irlandia: Royal Institute of the Architects of Ireland RIAI<\/strong><br \/>\n<a href=\"mailto:info@riai.ie\">info@riai.ie<\/a><\/p>\n<hr \/>\n<\/li>\n<li><strong>Litwa: Architects Association of Lithuania AAL<\/strong><br \/>\n<a href=\"mailto:architektu.sajunga@takas.lt\">architektu.sajunga@takas.lt<\/a><\/p>\n<hr \/>\n<\/li>\n<li><strong>Luksemburg: Ordre des Architectes et Ing\u00e9niers Conseils de Luxembourg OAI<\/strong><br \/>\n<a href=\"mailto:oai@oai.lu\">oai@oai.lu<\/a><\/p>\n<hr \/>\n<\/li>\n<li><strong>\u0141otwa: The Latvia Association of Architects &#8211; LAA<\/strong><a href=\"mailto: &lt;script type='text\/javascript'&gt; &lt;!-- var prefix = 'ma' + 'il' + 'to'; var path = 'hr' + 'ef' + '='; var addy30770 = 'latarch' + '@'; addy30770 = addy30770 + 'latnet' + '.' + 'lv'; document.write('&lt;a ' + path + '\\'' + prefix + ':' + addy30770 + '\\'&gt;'); document.write(addy30770); document.write('&lt;\\\/a&gt;'); \/\/--&gt;\\n &lt;\/script&gt;&lt;script type='text\/javascript'&gt; &lt;!-- document.write('&lt;span style=\\'display: none;\\'&gt;'); \/\/--&gt; &lt;\/script&gt;Ten adres pocztowy jest chroniony przed spamowaniem. Aby go zobaczy%C4%87, konieczne jest w%C5%82%C4%85czenie obs%C5%82ugi JavaScript. &lt;script type='text\/javascript'&gt; &lt;!-- document.write('&lt;\/'); document.write('span&gt;'); \/\/--&gt; &lt;\/script&gt;\"><br \/>\n<\/a><a href=\"mailto:latarch@latnet.lv\">latarch@latnet.lv<\/a><\/p>\n<hr \/>\n<\/li>\n<li><strong>Malta: Kamra tal-Periti KTP<\/strong><br \/>\n<a href=\"mailto:mfpb@maltanet.net\">mfpb@maltanet.net<\/a><\/p>\n<hr \/>\n<\/li>\n<li><strong>Niemcy: Bundesarchitektenkammer BAK<\/strong><a href=\"mailto: &lt;script type='text\/javascript'&gt; &lt;!-- var prefix = 'ma' + 'il' + 'to'; var path = 'hr' + 'ef' + '='; var addy24838 = 'info' + '@'; addy24838 = addy24838 + 'bak' + '.' + 'de'; document.write('&lt;a ' + path + '\\'' + prefix + ':' + addy24838 + '\\'&gt;'); document.write(addy24838); document.write('&lt;\\\/a&gt;'); \/\/--&gt;\\n &lt;\/script&gt;&lt;script type='text\/javascript'&gt; &lt;!-- document.write('&lt;span style=\\'display: none;\\'&gt;'); \/\/--&gt; &lt;\/script&gt;Ten adres pocztowy jest chroniony przed spamowaniem. Aby go zobaczy%C4%87, konieczne jest w%C5%82%C4%85czenie obs%C5%82ugi JavaScript. &lt;script type='text\/javascript'&gt; &lt;!-- document.write('&lt;\/'); document.write('span&gt;'); \/\/--&gt; &lt;\/script&gt;\"><br \/>\n<\/a><a href=\"mailto:info@bak.de\">info@bak.de<\/a><\/p>\n<hr \/>\n<\/li>\n<li><strong>Portugalia: Ordem Dos Arquitectos &#8211; OA<\/strong><a href=\"mailto: &lt;script type='text\/javascript'&gt; &lt;!-- var prefix = 'ma' + 'il' + 'to'; var path = 'hr' + 'ef' + '='; var addy32791 = 'ri' + '@'; addy32791 = addy32791 + 'ordemdosarquitectos' + '.' + 'pt'; document.write('&lt;a ' + path + '\\'' + prefix + ':' + addy32791 + '\\'&gt;'); document.write(addy32791); document.write('&lt;\\\/a&gt;'); \/\/--&gt;\\n &lt;\/script&gt;&lt;script type='text\/javascript'&gt; &lt;!-- document.write('&lt;span style=\\'display: none;\\'&gt;'); \/\/--&gt; &lt;\/script&gt;Ten adres pocztowy jest chroniony przed spamowaniem. Aby go zobaczy%C4%87, konieczne jest w%C5%82%C4%85czenie obs%C5%82ugi JavaScript. &lt;script type='text\/javascript'&gt; &lt;!-- document.write('&lt;\/'); document.write('span&gt;'); \/\/--&gt; &lt;\/script&gt;\"><br \/>\n<\/a><a href=\"mailto:ri@ordemdosarquitectos.pt\">ri@ordemdosarquitectos.pt<\/a><\/p>\n<hr \/>\n<\/li>\n<li><strong>S\u0142owacja: Slovak Chamber of Architects SKA<\/strong><a href=\"mailto: &lt;script type='text\/javascript'&gt; &lt;!-- var prefix = 'ma' + 'il' + 'to'; var path = 'hr' + 'ef' + '='; var addy48622 = 'komarch' + '@'; addy48622 = addy48622 + 'komarch' + '.' + 'sk'; document.write('&lt;a ' + path + '\\'' + prefix + ':' + addy48622 + '\\'&gt;'); document.write(addy48622); document.write('&lt;\\\/a&gt;'); \/\/--&gt;\\n &lt;\/script&gt;&lt;script type='text\/javascript'&gt; &lt;!-- document.write('&lt;span style=\\'display: none;\\'&gt;'); \/\/--&gt; &lt;\/script&gt;Ten adres pocztowy jest chroniony przed spamowaniem. Aby go zobaczy%C4%87, konieczne jest w%C5%82%C4%85czenie obs%C5%82ugi JavaScript. &lt;script type='text\/javascript'&gt; &lt;!-- document.write('&lt;\/'); document.write('span&gt;'); \/\/--&gt; &lt;\/script&gt;\"><br \/>\n<\/a><a href=\"mailto:komarch@komarch.sk\">komarch@komarch.sk<\/a><\/p>\n<hr \/>\n<\/li>\n<li><strong>S\u0142owenia: Chamber of Architecture and Spatial Planning of Slovenia ZAPS<\/strong><br \/>\n<a href=\"mailto:zaps@zaps.si\">zaps@zaps.si<\/a><\/p>\n<hr \/>\n<\/li>\n<li><strong>Szwecja: Sveriges Arkitekter SA<\/strong><br \/>\n<a href=\"mailto:kansli@arkitekt.se\">kansli@arkitekt.se<\/a><\/p>\n<hr \/>\n<\/li>\n<li><strong>W\u0119gry: Chamber of Hungarian Architects CHA<\/strong><br \/>\n<a href=\"mailto:teampannon@teampannon.hu\">teampannon@teampannon.hu<\/a><\/p>\n<hr \/>\n<\/li>\n<li><strong>Wielka Brytania: Architect&#8217;s Registration Board ARB<\/strong><a href=\"mailto: &lt;script type='text\/javascript'&gt; &lt;!-- var prefix = 'ma' + 'il' + 'to'; var path = 'hr' + 'ef' + '='; var addy4052 = 'info' + '@'; addy4052 = addy4052 + 'arb' + '.' + 'org' + '.' + 'uk'; document.write('&lt;a ' + path + '\\'' + prefix + ':' + addy4052 + '\\'&gt;'); document.write(addy4052); document.write('&lt;\\\/a&gt;'); \/\/--&gt;\\n &lt;\/script&gt;&lt;script type='text\/javascript'&gt; &lt;!-- document.write('&lt;span style=\\'display: none;\\'&gt;'); \/\/--&gt; &lt;\/script&gt;Ten adres pocztowy jest chroniony przed spamowaniem. Aby go zobaczy%C4%87, konieczne jest w%C5%82%C4%85czenie obs%C5%82ugi JavaScript. &lt;script type='text\/javascript'&gt; &lt;!-- document.write('&lt;\/'); document.write('span&gt;'); \/\/--&gt; &lt;\/script&gt;\"><br \/>\n<\/a><a href=\"mailto:info@arb.org.uk\">info@arb.org.uk<\/a><\/p>\n<hr \/>\n<\/li>\n<li><strong>W\u0142ochy: Consiglio Nazionale degli Architetti, Pianificatori, Paesaggisti e Conservatori CNAPPC<\/strong><br \/>\n<a href=\"mailto:esteri.cna@archiworld.it\">esteri.cna@archiworld.it<\/a><\/p>\n<hr \/>\n<\/li>\n<\/ul>\n<p style=\"text-align: justify;\">Wraz z innymi dokumentami, architekt staraj\u0105cy si\u0119 o uznanie uprawnie\u0144 w innych krajach Unii Europejskiej musi przedstawi\u0107 za\u015bwiadczenie o zgodno\u015bci dyplomu polskiej uczelni z wymienionymi w dyrektywie w sprawie uznawania kwalifikacji do wykonywania zawodu architekta (85\/384\/EWG). Za\u015bwiadczenie takie jest wydawane przez Naczelnika Wydzia\u0142u w Departamencie Architektury i Budownictwa Ministerstwa Infrastruktury, Pana arch. Andrzeja Kobyleckiego, po uprzednim potwierdzeniu autentyczno\u015bci dyplomu przez Pani\u0105 Katarzyn\u0119 Sobieck\u0105, G\u0142\u00f3wnego Specjalist\u0119 Departamentu Szkolnictwa Wy\u017cszego Ministerstwa Edukacji i Sportu. Prosimy o kontakt z ww. osobami w celu um\u00f3wienia si\u0119 na spotkanie, pod nast\u0119puj\u0105cymi numerami telefonu:<\/p>\n<hr \/>\n<p style=\"text-align: justify;\">\n<p style=\"text-align: justify; padding-left: 30px;\"><strong>arch. Andrzej Kobylecki \u2013 (0-22) 661 80 69<\/strong><\/p>\n<hr style=\"padding-left: 30px;\" \/>\n<p style=\"text-align: justify; padding-left: 30px;\">\n<p style=\"text-align: justify; padding-left: 30px;\"><strong>Katarzyna Sobiecka \u2013 (0-22) 318 98 31<\/strong><\/p>\n<hr \/>\n<p style=\"text-align: justify; padding-left: 30px;\">\n<p style=\"text-align: justify; padding-left: 30px;\"><strong>&gt;&gt;&gt;\u00a0<a href=\"http:\/\/www.buwiwm.edu.pl\/bwm\/index-faq.htm\">Biuro Uznawalno\u015bci Wykszta\u0142cenia i Wymiany Mi\u0119dzynarodowej<\/a><\/strong><\/p>\n","protected":false},"excerpt":{"rendered":"<p>ARCHITEKCI W UNII EUROPEJSKIEJ PODSTAWOWE REGULACJE PRAWNE Regulamin post\u0119powania weryfikacyjnego w stosunku do os\u00f3b b\u0119d\u0105cych obywatelami pa\u0144stw UE Regulamin post\u0119powania weryfikacyjnego w stosunku do os\u00f3b b\u0119d\u0105cych obywatelami pa\u0144stw Europejskiego Obszaru Gospodarczego oraz Konfederacji Szwajcarskiej \u2013\u00a0tekst jednolity\u00a0\u2013\u00a0stan od dnia 7 lipca 2005 r. Uchwa\u0142a nr O-06-04 Krajowej Rady Izby Architekt\u00f3w z dnia 21 kwietnia 2004 roku. [&hellip;]<\/p>\n","protected":false},"author":7,"featured_media":0,"parent":376,"menu_order":0,"comment_status":"closed","ping_status":"open","template":"","meta":{"footnotes":""},"class_list":["post-425","page","type-page","status-publish","hentry"],"publishpress_future_action":{"enabled":false,"date":"2026-05-06 00:59:22","action":"change-status","newStatus":"draft","terms":[],"taxonomy":"","extraData":[]},"publishpress_future_workflow_manual_trigger":{"enabledWorkflows":[]},"_links":{"self":[{"href":"https:\/\/podkarpacka.iarp.pl\/index.php?rest_route=\/wp\/v2\/pages\/425","targetHints":{"allow":["GET"]}}],"collection":[{"href":"https:\/\/podkarpacka.iarp.pl\/index.php?rest_route=\/wp\/v2\/pages"}],"about":[{"href":"https:\/\/podkarpacka.iarp.pl\/index.php?rest_route=\/wp\/v2\/types\/page"}],"author":[{"embeddable":true,"href":"https:\/\/podkarpacka.iarp.pl\/index.php?rest_route=\/wp\/v2\/users\/7"}],"replies":[{"embeddable":true,"href":"https:\/\/podkarpacka.iarp.pl\/index.php?rest_route=%2Fwp%2Fv2%2Fcomments&post=425"}],"version-history":[{"count":4,"href":"https:\/\/podkarpacka.iarp.pl\/index.php?rest_route=\/wp\/v2\/pages\/425\/revisions"}],"predecessor-version":[{"id":507,"href":"https:\/\/podkarpacka.iarp.pl\/index.php?rest_route=\/wp\/v2\/pages\/425\/revisions\/507"}],"up":[{"embeddable":true,"href":"https:\/\/podkarpacka.iarp.pl\/index.php?rest_route=\/wp\/v2\/pages\/376"}],"wp:attachment":[{"href":"https:\/\/podkarpacka.iarp.pl\/index.php?rest_route=%2Fwp%2Fv2%2Fmedia&parent=425"}],"curies":[{"name":"wp","href":"https:\/\/api.w.org\/{rel}","templated":true}]}}