{"id":431,"date":"2015-02-21T00:32:10","date_gmt":"2015-02-21T00:32:10","guid":{"rendered":"http:\/\/podkarpacka.iarp.pl\/?page_id=431"},"modified":"2026-03-10T21:14:00","modified_gmt":"2026-03-10T19:14:00","slug":"postepowanie-kwalifikacyjne","status":"publish","type":"page","link":"https:\/\/podkarpacka.iarp.pl\/?page_id=431","title":{"rendered":"POST\u0118POWANIE KWALIFIKACYJNE"},"content":{"rendered":"<p style=\"text-align: justify;\"><a href=\"https:\/\/podkarpacka.iarp.pl\/wp-content\/uploads\/2015\/02\/logo-izba-male.png\"><img loading=\"lazy\" decoding=\"async\" class=\"alignleft size-full wp-image-470\" src=\"https:\/\/podkarpacka.iarp.pl\/wp-content\/uploads\/2015\/02\/logo-izba-male.png\" alt=\"logo izba male\" width=\"140\" height=\"80\" \/><\/a><\/p>\r\n<h2 style=\"margin: 0px 30px; text-align: left;\">SCHEMAT POST\u0118POWANIA KWALIFIKACYJNEGO ORAZ WYKAZ DOKUMENT\u00d3W<\/h2>\r\n<hr style=\"margin: 10px 0px 25px;\" \/>\r\n<p><a href=\"https:\/\/podkarpacka.iarp.pl\/wp-content\/uploads\/2019\/09\/209_zal1schemat-postepowania-kwalifikacyjnego.pdf\">SCHEMAT do Pobrania<\/a><\/p>\r\n<hr \/>\r\n<p><a href=\"https:\/\/podkarpacka.iarp.pl\/wp-content\/uploads\/2015\/02\/logo-izba-male.png\"><img loading=\"lazy\" decoding=\"async\" class=\"alignleft size-full wp-image-470\" src=\"https:\/\/podkarpacka.iarp.pl\/wp-content\/uploads\/2015\/02\/logo-izba-male.png\" alt=\"logo izba male\" width=\"140\" height=\"80\" \/><\/a><\/p>\r\n<h2 style=\"margin: 0px 30px 0px; text-align: left;\">POST\u0118POWANIE KWALIFIKACYJNE W PODKARPACKIEJ OKR\u0118GOWEJ IZBY ARCHITEKT\u00d3W RP<\/h2>\r\n<hr style=\"margin: 10px 0px 25px;\" \/>\r\n<p style=\"text-align: justify;\"><strong>Obecnie uprawnienia budowlane w specjalno\u015bci architektonicznej nadawane s\u0105 w nast\u0119puj\u0105cym zakresie:<\/strong><\/p>\r\n<table style=\"height: 606px;\" width=\"610\">\r\n<tbody>\r\n<tr>\r\n<td width=\"100\"><strong>Rodzaj uprawnie\u0144<\/strong><\/td>\r\n<td width=\"116\"><strong>Tytu\u0142 zawodowy<\/strong><\/td>\r\n<td width=\"149\"><strong>Praktyka<\/strong><\/td>\r\n<\/tr>\r\n<tr>\r\n<td width=\"100\"><strong>Do projektowania bez ogranicze\u0144<\/strong><\/td>\r\n<td width=\"116\">mgr in\u017c. arch.<\/td>\r\n<td width=\"149\">1 rok praktyka projektowa; 1 rok praktyka na budowie<\/td>\r\n<\/tr>\r\n<tr>\r\n<td rowspan=\"2\" width=\"100\"><strong>Do projektowania w ograniczonym zakresie<\/strong><\/td>\r\n<td width=\"116\">in\u017c. arch.;<\/td>\r\n<td width=\"149\">1 rok praktyka projektowa; 1 rok praktyka na budowie<\/td>\r\n<\/tr>\r\n<tr>\r\n<td width=\"116\">mgr in\u017c. <em>budownictwa<\/em><\/td>\r\n<td width=\"149\">1 rok praktyka projektowa; 1 rok praktyka na budowie<\/td>\r\n<\/tr>\r\n<tr>\r\n<td width=\"100\"><strong>Do projektowania i kierowania robotami budowlanymi bez ogranicze\u0144<\/strong><\/td>\r\n<td width=\"116\">mgr in\u017c. arch.<\/td>\r\n<td width=\"149\">1 rok praktyka projektowa; 1,5 roku praktyka na budowie<\/td>\r\n<\/tr>\r\n<tr>\r\n<td rowspan=\"2\" width=\"100\"><strong>Do projektowania i kierowania robotami budowlanymi w ograniczonym zakresie<\/strong><\/td>\r\n<td width=\"116\">in\u017c. arch.;<\/td>\r\n<td width=\"149\">1 rok praktyka projektowa; 1,5 roku praktyka na budowie<\/td>\r\n<\/tr>\r\n<tr>\r\n<td width=\"116\">mgr in\u017c. <em>budownictwa<\/em><\/td>\r\n<td width=\"149\">1 rok praktyka projektowa; 1,5 roku praktyka na budowie<\/td>\r\n<\/tr>\r\n<tr>\r\n<td rowspan=\"2\" width=\"100\"><strong>Do kierowania robotami budowlanymi bez ogranicze\u0144<\/strong><\/td>\r\n<td width=\"116\">mgr in\u017c. arch.<\/td>\r\n<td width=\"149\">1,5 roku praktyka na budowie<\/td>\r\n<\/tr>\r\n<tr>\r\n<td width=\"116\">in\u017c. arch.<\/td>\r\n<td>3 lata na budowie<\/td>\r\n<\/tr>\r\n<tr>\r\n<td rowspan=\"4\" width=\"100\"><strong>Do kierowania robotami budowlanymi w ograniczonym zakresie<\/strong><\/td>\r\n<td width=\"116\">mgr in\u017c. <em>budownictwa<\/em><\/td>\r\n<td width=\"149\">1,5 roku praktyka na budowie<\/td>\r\n<\/tr>\r\n<tr>\r\n<td width=\"116\">in\u017c. arch.<\/td>\r\n<td width=\"149\">1,5 roku praktyka na budowie<\/td>\r\n<\/tr>\r\n<tr>\r\n<td width=\"116\">in\u017c. <em>budownictwa<\/em><\/td>\r\n<td width=\"149\">3 lata praktyki na budowie<\/td>\r\n<\/tr>\r\n<tr>\r\n<td width=\"116\"><em>technik architekt<\/em><\/td>\r\n<td width=\"149\">4 lata praktyki na budowie<\/td>\r\n<\/tr>\r\n<\/tbody>\r\n<\/table>\r\n<p>&nbsp;<\/p>\r\n<h3 class=\"p4\"><span class=\"s1\">Dokumenty i formularze<\/span>\u00a0 post\u0119powania kwalifikacyjnego:<\/h3>\r\n<div class='w3eden'><!-- WPDM Link Template: Default Template -->\n\n<div class=\"link-template-default card mb-2\">\n    <div class=\"card-body\">\n        <div class=\"media\">\n            <div class=\"mr-3 img-48\"><img decoding=\"async\" class=\"wpdm_icon\" alt=\"Ikonka\" src=\"https:\/\/podkarpacka.iarp.pl\/wp-content\/plugins\/download-manager\/assets\/file-type-icons\/doc.svg\" \/><\/div>\n            <div class=\"media-body\">\n                <h3 class=\"package-title\"><a href='https:\/\/podkarpacka.iarp.pl\/?wpdmpro=09-2019-zal14-wniosek-o-ponowne-przystapienie-do-egzaminu'>09-2019-Za\u014214-Wniosek o ponowne przystapienie do egzaminu<\/a><\/h3>\n                <div class=\"text-muted text-small\"><i class=\"fas fa-copy\"><\/i> 1 plik(i) <i class=\"fas fa-hdd ml-3\"><\/i> 35 KB<\/div>\n            <\/div>\n            <div class=\"ml-3\">\n                <a class='wpdm-download-link download-on-click btn btn-primary ' rel='nofollow' href='#' data-downloadurl=\"https:\/\/podkarpacka.iarp.pl\/?wpdmpro=09-2019-zal14-wniosek-o-ponowne-przystapienie-do-egzaminu&wpdmdl=6535&refresh=69efadb6bb5a01777315254\">Pobierz<\/a>\n            <\/div>\n        <\/div>\n    <\/div>\n<\/div>\n\n<\/div>\r\n<div class='w3eden'><!-- WPDM Link Template: Default Template -->\n\n<div class=\"link-template-default card mb-2\">\n    <div class=\"card-body\">\n        <div class=\"media\">\n            <div class=\"mr-3 img-48\"><img decoding=\"async\" class=\"wpdm_icon\" alt=\"Ikonka\" src=\"https:\/\/podkarpacka.iarp.pl\/wp-content\/plugins\/download-manager\/assets\/file-type-icons\/doc.svg\" \/><\/div>\n            <div class=\"media-body\">\n                <h3 class=\"package-title\"><a href='https:\/\/podkarpacka.iarp.pl\/?wpdmpro=09-2019-zal4-wniosek'>09-2019-Za\u01424-wniosek<\/a><\/h3>\n                <div class=\"text-muted text-small\"><i class=\"fas fa-copy\"><\/i> 1 plik(i) <i class=\"fas fa-hdd ml-3\"><\/i> 35.00 KB<\/div>\n            <\/div>\n            <div class=\"ml-3\">\n                <a class='wpdm-download-link download-on-click btn btn-primary ' rel='nofollow' href='#' data-downloadurl=\"https:\/\/podkarpacka.iarp.pl\/?wpdmpro=09-2019-zal4-wniosek&wpdmdl=6533&refresh=69efadb6c034e1777315254\">Pobierz<\/a>\n            <\/div>\n        <\/div>\n    <\/div>\n<\/div>\n\n<\/div>\r\n<div class='w3eden'><!-- WPDM Link Template: Default Template -->\n\n<div class=\"link-template-default card mb-2\">\n    <div class=\"card-body\">\n        <div class=\"media\">\n            <div class=\"mr-3 img-48\"><img decoding=\"async\" class=\"wpdm_icon\" alt=\"Ikonka\" src=\"https:\/\/podkarpacka.iarp.pl\/wp-content\/plugins\/download-manager\/assets\/file-type-icons\/doc.svg\" \/><\/div>\n            <div class=\"media-body\">\n                <h3 class=\"package-title\"><a href='https:\/\/podkarpacka.iarp.pl\/?wpdmpro=09-2019-zal-5a-oswiadczenie-potwierdzajace-odbycie-praktyki'>09-2019-Za\u0142-5a-o\u015bwiadczenie potwierdzaj\u0105ce odbycie praktyki<\/a><\/h3>\n                <div class=\"text-muted text-small\"><i class=\"fas fa-copy\"><\/i> 1 plik(i) <i class=\"fas fa-hdd ml-3\"><\/i> 38 KB<\/div>\n            <\/div>\n            <div class=\"ml-3\">\n                <a class='wpdm-download-link download-on-click btn btn-primary ' rel='nofollow' href='#' data-downloadurl=\"https:\/\/podkarpacka.iarp.pl\/?wpdmpro=09-2019-zal-5a-oswiadczenie-potwierdzajace-odbycie-praktyki&wpdmdl=6537&refresh=69efadb6c34e81777315254\">Pobierz<\/a>\n            <\/div>\n        <\/div>\n    <\/div>\n<\/div>\n\n<\/div>\r\n<div class='w3eden'><!-- WPDM Link Template: Default Template -->\n\n<div class=\"link-template-default card mb-2\">\n    <div class=\"card-body\">\n        <div class=\"media\">\n            <div class=\"mr-3 img-48\"><img decoding=\"async\" class=\"wpdm_icon\" alt=\"Ikonka\" src=\"https:\/\/podkarpacka.iarp.pl\/wp-content\/plugins\/download-manager\/assets\/file-type-icons\/doc.svg\" \/><\/div>\n            <div class=\"media-body\">\n                <h3 class=\"package-title\"><a href='https:\/\/podkarpacka.iarp.pl\/?wpdmpro=09-2019-zal-5zbiorcze-zestawienie-praktyki'>09-2019-Za\u0142-5zbiorcze zestawienie praktyki<\/a><\/h3>\n                <div class=\"text-muted text-small\"><i class=\"fas fa-copy\"><\/i> 1 plik(i) <i class=\"fas fa-hdd ml-3\"><\/i> 20 KB<\/div>\n            <\/div>\n            <div class=\"ml-3\">\n                <a class='wpdm-download-link download-on-click btn btn-primary ' rel='nofollow' href='#' data-downloadurl=\"https:\/\/podkarpacka.iarp.pl\/?wpdmpro=09-2019-zal-5zbiorcze-zestawienie-praktyki&wpdmdl=6538&refresh=69efadb6c69de1777315254\">Pobierz<\/a>\n            <\/div>\n        <\/div>\n    <\/div>\n<\/div>\n\n<\/div>\r\n<p>&nbsp;<\/p>\r\n<h4>Za\u0142\u0105czniki do wniosku o przeprowadzenie post\u0119powania kwalifikacyjnego<\/h4>\r\n<ul>\r\n<li style=\"list-style-type: none;\">\r\n<ul>\r\n<li class=\"p2\" style=\"text-align: justify;\">odpis dyplomu uko\u0144czenia studi\u00f3w wy\u017cszych<\/li>\r\n<\/ul>\r\n<\/li>\r\n<\/ul>\r\n<ul>\r\n<li style=\"list-style-type: none;\">\r\n<ul>\r\n<li class=\"p2\" style=\"text-align: justify;\">suplement do dyplomu albo wypis z przebiegu studi\u00f3w potwierdzony przez kierownika podstawowej jednostki organizacyjnej uczelni;<\/li>\r\n<\/ul>\r\n<\/li>\r\n<\/ul>\r\n<ul>\r\n<li style=\"list-style-type: none;\">\r\n<ul>\r\n<li class=\"p2\" style=\"text-align: justify;\">o\u015bwiadczenie potwierdzaj\u0105ce odbycie praktyki wraz z zestawieniem<\/li>\r\n<\/ul>\r\n<\/li>\r\n<\/ul>\r\n<ul>\r\n<li style=\"list-style-type: none;\">\r\n<ul>\r\n<li class=\"p2\" style=\"text-align: justify;\">za\u015bwiadczenie potwierdzaj\u0105ce odbycie praktyki zawodowej wydane przez w\u0142a\u015bciwego wojew\u00f3dzkiego inspektora nadzoru budowlanego, z wyszczeg\u00f3lnieniem okresu odbywania praktyki zawodowej z podaniem termin\u00f3w rozpocz\u0119cia i uko\u0144czenia praktyki, z zakresu danej specjalno\u015bci,<\/li>\r\n<\/ul>\r\n<\/li>\r\n<\/ul>\r\n<ul>\r\n<li style=\"list-style-type: none;\">\r\n<ul>\r\n<li class=\"p2\" style=\"text-align: justify;\">dokument wydany przez kierownika jednostki, w kt\u00f3rej odbywa\u0142a si\u0119 praktyka zawodowa za granic\u0105<\/li>\r\n<\/ul>\r\n<\/li>\r\n<\/ul>\r\n<ul>\r\n<li style=\"list-style-type: none;\">\r\n<ul>\r\n<li class=\"p2\" style=\"text-align: justify;\">ksi\u0105\u017cka praktyki zawodowej.<\/li>\r\n<\/ul>\r\n<\/li>\r\n<\/ul>\r\n<ul>\r\n<li style=\"list-style-type: none;\">\r\n<ul>\r\n<li class=\"p2\" style=\"text-align: justify;\">za\u015bwiadczenie o odbyciu praktyki zawodowej przed dniem 1 stycznia 1995 r. 8. praca\/prace projektowe wykonane w ramach odbytej praktyki zawodowej,<\/li>\r\n<\/ul>\r\n<\/li>\r\n<\/ul>\r\n<ul>\r\n<li style=\"list-style-type: none;\">\r\n<ul>\r\n<li class=\"p2\" style=\"text-align: justify;\">za\u015bwiadczenie z uczelni o uko\u0144czeniu studi\u00f3w by\u0142y prowadzone w oparciu o umow\u0119 zawart\u0105 z Izb\u0105 Architekt\u00f3w RP, o kt\u00f3rej mowa w art. 168b ustawy Prawo budowlane;<\/li>\r\n<\/ul>\r\n<\/li>\r\n<\/ul>\r\n<ul>\r\n<li style=\"list-style-type: none;\">\r\n<ul>\r\n<li class=\"p2\" style=\"text-align: justify;\">\u017cyciorys zawodowy;<\/li>\r\n<\/ul>\r\n<\/li>\r\n<\/ul>\r\n<ul>\r\n<li style=\"list-style-type: none;\">\r\n<ul>\r\n<li class=\"p2\" style=\"text-align: justify;\">kopi\u0119 dowodu to\u017csamo\u015bci, potwierdzon\u0105 za zgodno\u015b\u0107 z orygina\u0142em przez przyjmuj\u0105cego wniosek pracownika biura okr\u0119gowej izby architekt\u00f3w RP<\/li>\r\n<\/ul>\r\n<\/li>\r\n<\/ul>\r\n<ul>\r\n<li style=\"list-style-type: none;\">\r\n<ul>\r\n<li class=\"p2\" style=\"text-align: justify;\">za\u015bwiadczenie o przynale\u017cno\u015bci kierownika\/patrona praktyk do izby samorz\u0105du zawodowego wraz z kopi\u0105 decyzji o nadaniu uprawnie\u0144 budowlanych patrona\/kierownika praktyk;<\/li>\r\n<\/ul>\r\n<\/li>\r\n<\/ul>\r\n<ul>\r\n<li style=\"list-style-type: none;\">\r\n<ul>\r\n<li class=\"p2\" style=\"text-align: justify;\">decyzj\u0119 o nadaniu uprawnie\u0144 budowlanych \u2013 je\u015bli osoba posiada inne uprawnienia budowlane ni\u017c obj\u0119te wnioskiem<\/li>\r\n<\/ul>\r\n<\/li>\r\n<\/ul>\r\n<ul>\r\n<li class=\"p2\" style=\"text-align: justify;\">dow\u00f3d uiszczenia pierwszej raty op\u0142aty za post\u0119powanie kwalifikacyjne tj. op\u0142at\u0119 z tytu\u0142u kwalifikowania.<\/li>\r\n<\/ul>\r\n<hr \/>\r\n<h3 class=\"p4\">Wysoko\u015bci op\u0142at za post\u0119powanie kwalifikacyjne od 24 lutego 2026 r.:<\/h3>\r\n<p class=\"p4\">Op\u0142ata za post\u0119powanie kwalifikacyjne o nadanie uprawnie\u0144 budowlanych w specjalno\u015bci architektonicznej, o kt\u00f3rych mowa w\u00a0art. 14 ust. 3 pkt 1-4 ustawy z dnia 7 lipca 1994 r. \u2013 Prawo budowlane wynosi:<\/p>\r\n<ul class=\"ul1\">\r\n<li style=\"list-style-type: none;\">\r\n<ul class=\"ul1\">\r\n<li class=\"li4\">z tytu\u0142u kwalifikowania: <strong>1950,00<\/strong> PLN<\/li>\r\n<li>tytu\u0142 przelewu:\u00a0<strong>I Rata \u2013\u00a0KWALIFIKACJA<\/strong><\/li>\r\n<li>z tytu\u0142u przeprowadzenia egzaminu:\u00a0<strong>1950,00 PLN<\/strong><\/li>\r\n<li>tytu\u0142 przelewu:\u00a0<span class=\"s3\"><strong>I<\/strong><\/span><strong>I Rata \u2013\u00a0EGZAMIN<\/strong><\/li>\r\n<\/ul>\r\n<\/li>\r\n<\/ul>\r\n<ul class=\"ul1\">\r\n<li style=\"list-style-type: none;\">\r\n<ul class=\"ul1\">\r\n<li class=\"li4\">numer rachunku: 20 1020 4391 0000 6202 0002 7334<\/li>\r\n<li>z tytu\u0142u ponownego przeprowadzenia egzaminu:\u00a0<strong>1150,00 PLN<\/strong><\/li>\r\n<\/ul>\r\n<\/li>\r\n<\/ul>\r\n<p>&nbsp;<\/p>\r\n<ul class=\"ul1\">\r\n<li style=\"list-style-type: none;\">\r\n<ul class=\"ul1\">\r\n<li class=\"li1\">nazwa odbiorcy: <strong>Podkarpacka\u00a0Okr\u0119gowa Izba Architekt\u00f3w RP<\/strong><\/li>\r\n<\/ul>\r\n<\/li>\r\n<\/ul>\r\n<ul class=\"ul1\">\r\n<li style=\"list-style-type: none;\">\r\n<ul class=\"ul1\">\r\n<li class=\"li4\">adres odbiorcy:<strong> RYNEK 8 , 35-064 RZESZ\u00d3W<\/strong><\/li>\r\n<\/ul>\r\n<\/li>\r\n<\/ul>\r\n<ul class=\"ul1\">\r\n<li style=\"list-style-type: none;\">\r\n<ul class=\"ul1\">\r\n<li class=\"li1\">nazwa nadawcy: Imi\u0119 i Nazwisko,<span class=\"s1\"> Adres<\/span><\/li>\r\n<\/ul>\r\n<\/li>\r\n<\/ul>\r\n<hr \/>\r\n<h3 class=\"p4\">Wysoko\u015bci op\u0142at za post\u0119powanie kwalifikacyjne od 24 lutego 2026 r.:<\/h3>\r\n<p class=\"p4\">Op\u0142ata za post\u0119powanie kwalifikacyjne o nadanie uprawnie\u0144 budowlanych w specjalno\u015bci architektonicznej, o kt\u00f3rych mowa w art. 14 ust. 3 pkt 5 i 6 ustawy z dnia 7 lipca 1994 r. \u2013 Prawo budowlane wynosi:<\/p>\r\n<ul class=\"ul1\">\r\n<li style=\"list-style-type: none;\">\r\n<ul class=\"ul1\">\r\n<li class=\"li4\">z tytu\u0142u kwalifikowania: <strong>2930,00 PLN<\/strong><\/li>\r\n<li>tytu\u0142 przelewu:\u00a0<strong>I Rata \u2013\u00a0KWALIFIKACJA<\/strong><\/li>\r\n<li>z tytu\u0142u przeprowadzenia egzaminu:\u00a0<strong>2930,00 PLN<\/strong><\/li>\r\n<li>tytu\u0142 przelewu:\u00a0<span class=\"s3\"><strong>I<\/strong><\/span><strong>I Rata \u2013\u00a0EGZAMIN<\/strong><\/li>\r\n<\/ul>\r\n<\/li>\r\n<\/ul>\r\n<ul class=\"ul1\">\r\n<li style=\"list-style-type: none;\">\r\n<ul class=\"ul1\">\r\n<li class=\"li4\">numer rachunku: 20 1020 4391 0000 6202 0002 7334<\/li>\r\n<li>z tytu\u0142u ponownego przeprowadzenia egzaminu:\u00a0<strong>1690,00 PLN<\/strong><\/li>\r\n<\/ul>\r\n<\/li>\r\n<\/ul>\r\n<p>&nbsp;<\/p>\r\n<ul class=\"ul1\">\r\n<li style=\"list-style-type: none;\">\r\n<ul class=\"ul1\">\r\n<li class=\"li1\">nazwa odbiorcy: <strong>Podkarpacka\u00a0Okr\u0119gowa Izba Architekt\u00f3w RP<\/strong><\/li>\r\n<\/ul>\r\n<\/li>\r\n<\/ul>\r\n<ul class=\"ul1\">\r\n<li style=\"list-style-type: none;\">\r\n<ul class=\"ul1\">\r\n<li class=\"li4\">adres odbiorcy:<strong> RYNEK 8 , 35-064 RZESZ\u00d3W<\/strong><\/li>\r\n<\/ul>\r\n<\/li>\r\n<\/ul>\r\n<ul class=\"ul1\">\r\n<li style=\"list-style-type: none;\">\r\n<ul class=\"ul1\">\r\n<li class=\"li1\">nazwa nadawcy: Imi\u0119 i Nazwisko,<span class=\"s1\"> Adres<\/span><\/li>\r\n<\/ul>\r\n<\/li>\r\n<\/ul>\r\n<h3><\/h3>\r\n<p>Uchwa\u0142a wchodzi w \u017cycie z dniem <strong>24 lutego 2025 r.<\/strong><\/p>\r\n<h3><strong><div class='w3eden'><!-- WPDM Link Template: Default Template -->\n\n<div class=\"link-template-default card mb-2\">\n    <div class=\"card-body\">\n        <div class=\"media\">\n            <div class=\"mr-3 img-48\"><img decoding=\"async\" class=\"wpdm_icon\" alt=\"Ikonka\" src=\"https:\/\/podkarpacka.iarp.pl\/wp-content\/plugins\/download-manager\/assets\/file-type-icons\/pdf.svg\" \/><\/div>\n            <div class=\"media-body\">\n                <h3 class=\"package-title\"><a href='https:\/\/podkarpacka.iarp.pl\/?wpdmpro=uchwala-w-sprawie-wysokosci-oplat-za-postepowanie-kwalifikacyjne-o-nadanie-uprawnien-budowlanych-w-specjalnosci-architektonicznej-2026'>Uchwa\u0142a w sprawie wysoko\u015bci op\u0142at za post\u0119powanie kwalifikacyjne o nadanie uprawnie\u0144 budowlanych w specjalno\u015bci architektonicznej 2026<\/a><\/h3>\n                <div class=\"text-muted text-small\"><i class=\"fas fa-copy\"><\/i> 1 plik(i) <i class=\"fas fa-hdd ml-3\"><\/i> 355.05 KB<\/div>\n            <\/div>\n            <div class=\"ml-3\">\n                <a class='wpdm-download-link download-on-click btn btn-primary ' rel='nofollow' href='#' data-downloadurl=\"https:\/\/podkarpacka.iarp.pl\/?wpdmpro=uchwala-w-sprawie-wysokosci-oplat-za-postepowanie-kwalifikacyjne-o-nadanie-uprawnien-budowlanych-w-specjalnosci-architektonicznej-2026&wpdmdl=8116&refresh=69efadb6c9d151777315254\">Pobierz<\/a>\n            <\/div>\n        <\/div>\n    <\/div>\n<\/div>\n\n<\/div><\/strong><\/h3>\r\n<p>&nbsp;<\/p>\r\n<p>&nbsp;<\/p>\r\n<h3 class=\"p4\">Wysoko\u015bci op\u0142at za post\u0119powanie kwalifikacyjne od 18 lutego 2025 r.:<\/h3>\r\n<p class=\"p4\">Op\u0142ata za post\u0119powanie kwalifikacyjne o nadanie uprawnie\u0144 budowlanych w specjalno\u015bci architektonicznej, o kt\u00f3rych mowa w\u00a0art. 14 ust. 3 pkt 1-4 ustawy z dnia 7 lipca 1994 r. \u2013 Prawo budowlane wynosi:<\/p>\r\n<ul class=\"ul1\">\r\n<li style=\"list-style-type: none;\">\r\n<ul class=\"ul1\">\r\n<li class=\"li4\">z tytu\u0142u kwalifikowania: <strong>1790<\/strong>,00 PLN<\/li>\r\n<li>tytu\u0142 przelewu:\u00a0<strong>I Rata \u2013\u00a0KWALIFIKACJA<\/strong><\/li>\r\n<li>z tytu\u0142u przeprowadzenia egzaminu:\u00a0<strong>1790,00 PLN<\/strong><\/li>\r\n<li>tytu\u0142 przelewu:\u00a0<span class=\"s3\"><strong>I<\/strong><\/span><strong>I Rata \u2013\u00a0EGZAMIN<\/strong><\/li>\r\n<\/ul>\r\n<\/li>\r\n<\/ul>\r\n<ul class=\"ul1\">\r\n<li style=\"list-style-type: none;\">\r\n<ul class=\"ul1\">\r\n<li class=\"li4\">numer rachunku: 20 1020 4391 0000 6202 0002 7334<\/li>\r\n<li>z tytu\u0142u ponownego przeprowadzenia egzaminu:\u00a0<strong>1060,00 PLN<\/strong><\/li>\r\n<\/ul>\r\n<\/li>\r\n<\/ul>\r\n<p>&nbsp;<\/p>\r\n<ul class=\"ul1\">\r\n<li style=\"list-style-type: none;\">\r\n<ul class=\"ul1\">\r\n<li class=\"li1\">nazwa odbiorcy: <strong>Podkarpacka\u00a0Okr\u0119gowa Izba Architekt\u00f3w RP<\/strong><\/li>\r\n<\/ul>\r\n<\/li>\r\n<\/ul>\r\n<ul class=\"ul1\">\r\n<li style=\"list-style-type: none;\">\r\n<ul class=\"ul1\">\r\n<li class=\"li4\">adres odbiorcy:<strong> RYNEK 8 , 35-064 RZESZ\u00d3W<\/strong><\/li>\r\n<\/ul>\r\n<\/li>\r\n<\/ul>\r\n<ul class=\"ul1\">\r\n<li style=\"list-style-type: none;\">\r\n<ul class=\"ul1\">\r\n<li class=\"li1\">nazwa nadawcy: Imi\u0119 i Nazwisko,<span class=\"s1\"> Adres<\/span><\/li>\r\n<\/ul>\r\n<\/li>\r\n<\/ul>\r\n<hr \/>\r\n<h3 class=\"p4\">Wysoko\u015bci op\u0142at za post\u0119powanie kwalifikacyjne od 18 lutego 2025 r.:<\/h3>\r\n<p class=\"p4\">Op\u0142ata za post\u0119powanie kwalifikacyjne o nadanie uprawnie\u0144 budowlanych w specjalno\u015bci architektonicznej, o kt\u00f3rych mowa w art. 14 ust. 3 pkt 5 i 6 ustawy z dnia 7 lipca 1994 r. \u2013 Prawo budowlane wynosi:<\/p>\r\n<ul class=\"ul1\">\r\n<li style=\"list-style-type: none;\">\r\n<ul class=\"ul1\">\r\n<li class=\"li4\">z tytu\u0142u kwalifikowania: <strong>2690,00 PLN<\/strong><\/li>\r\n<li>tytu\u0142 przelewu:\u00a0<strong>I Rata \u2013\u00a0KWALIFIKACJA<\/strong><\/li>\r\n<li>z tytu\u0142u przeprowadzenia egzaminu:\u00a0<strong>2690,00 PLN<\/strong><\/li>\r\n<li>tytu\u0142 przelewu:\u00a0<span class=\"s3\"><strong>I<\/strong><\/span><strong>I Rata \u2013\u00a0EGZAMIN<\/strong><\/li>\r\n<\/ul>\r\n<\/li>\r\n<\/ul>\r\n<ul class=\"ul1\">\r\n<li style=\"list-style-type: none;\">\r\n<ul class=\"ul1\">\r\n<li class=\"li4\">numer rachunku: 20 1020 4391 0000 6202 0002 7334<\/li>\r\n<li>z tytu\u0142u ponownego przeprowadzenia egzaminu:\u00a0<strong>1550,00 PLN<\/strong><\/li>\r\n<\/ul>\r\n<\/li>\r\n<\/ul>\r\n<p>&nbsp;<\/p>\r\n<ul class=\"ul1\">\r\n<li style=\"list-style-type: none;\">\r\n<ul class=\"ul1\">\r\n<li class=\"li1\">nazwa odbiorcy: <strong>Podkarpacka\u00a0Okr\u0119gowa Izba Architekt\u00f3w RP<\/strong><\/li>\r\n<\/ul>\r\n<\/li>\r\n<\/ul>\r\n<ul class=\"ul1\">\r\n<li style=\"list-style-type: none;\">\r\n<ul class=\"ul1\">\r\n<li class=\"li4\">adres odbiorcy:<strong> RYNEK 8 , 35-064 RZESZ\u00d3W<\/strong><\/li>\r\n<\/ul>\r\n<\/li>\r\n<\/ul>\r\n<ul class=\"ul1\">\r\n<li style=\"list-style-type: none;\">\r\n<ul class=\"ul1\">\r\n<li class=\"li1\">nazwa nadawcy: Imi\u0119 i Nazwisko,<span class=\"s1\"> Adres<\/span><\/li>\r\n<\/ul>\r\n<\/li>\r\n<\/ul>\r\n\r\n<p>Uchwa\u0142a wchodzi w \u017cycie z dniem 1<strong>8 lutego 2025 r.<\/strong><\/p>\r\n<div class='w3eden'><!-- WPDM Link Template: Default Template -->\n\n<div class=\"link-template-default card mb-2\">\n    <div class=\"card-body\">\n        <div class=\"media\">\n            <div class=\"mr-3 img-48\"><img decoding=\"async\" class=\"wpdm_icon\" alt=\"Ikonka\" src=\"https:\/\/podkarpacka.iarp.pl\/wp-content\/plugins\/download-manager\/assets\/file-type-icons\/pdf.svg\" \/><\/div>\n            <div class=\"media-body\">\n                <h3 class=\"package-title\"><a href='https:\/\/podkarpacka.iarp.pl\/?wpdmpro=uchwala-w-sprawie-wysokosci-oplat-za-postepowanie-kwalifikacyjne-o-nadanie-uprawnien-budowlanych-w-specjalnosci-architektonicznej'>Uchwa\u0142a w sprawie wysoko\u015bci op\u0142at za post\u0119powanie kwalifikacyjne  o nadanie uprawnie\u0144 budowlanych w specjalno\u015bci architektonicznej<\/a><\/h3>\n                <div class=\"text-muted text-small\"><i class=\"fas fa-copy\"><\/i> 1 plik(i) <i class=\"fas fa-hdd ml-3\"><\/i> 139.77 KB<\/div>\n            <\/div>\n            <div class=\"ml-3\">\n                <a class='wpdm-download-link download-on-click btn btn-primary ' rel='nofollow' href='#' data-downloadurl=\"https:\/\/podkarpacka.iarp.pl\/?wpdmpro=uchwala-w-sprawie-wysokosci-oplat-za-postepowanie-kwalifikacyjne-o-nadanie-uprawnien-budowlanych-w-specjalnosci-architektonicznej&wpdmdl=7184&refresh=69efadb6ce2c31777315254\">Pobierz<\/a>\n            <\/div>\n        <\/div>\n    <\/div>\n<\/div>\n\n<\/div>\r\n","protected":false},"excerpt":{"rendered":"<p>SCHEMAT POST\u0118POWANIA KWALIFIKACYJNEGO ORAZ WYKAZ DOKUMENT\u00d3W SCHEMAT do Pobrania POST\u0118POWANIE KWALIFIKACYJNE W PODKARPACKIEJ OKR\u0118GOWEJ IZBY ARCHITEKT\u00d3W RP Obecnie uprawnienia budowlane w specjalno\u015bci architektonicznej nadawane s\u0105 w nast\u0119puj\u0105cym zakresie: Rodzaj uprawnie\u0144 Tytu\u0142 zawodowy Praktyka Do projektowania bez ogranicze\u0144 mgr in\u017c. arch. 1 rok praktyka projektowa; 1 rok praktyka na budowie Do projektowania w ograniczonym zakresie in\u017c. [&hellip;]<\/p>\n","protected":false},"author":7,"featured_media":0,"parent":378,"menu_order":0,"comment_status":"closed","ping_status":"open","template":"","meta":{"footnotes":""},"class_list":["post-431","page","type-page","status-publish","hentry"],"publishpress_future_action":{"enabled":false,"date":"2026-05-04 19:40:54","action":"change-status","newStatus":"draft","terms":[],"taxonomy":"","extraData":[]},"publishpress_future_workflow_manual_trigger":{"enabledWorkflows":[]},"_links":{"self":[{"href":"https:\/\/podkarpacka.iarp.pl\/index.php?rest_route=\/wp\/v2\/pages\/431","targetHints":{"allow":["GET"]}}],"collection":[{"href":"https:\/\/podkarpacka.iarp.pl\/index.php?rest_route=\/wp\/v2\/pages"}],"about":[{"href":"https:\/\/podkarpacka.iarp.pl\/index.php?rest_route=\/wp\/v2\/types\/page"}],"author":[{"embeddable":true,"href":"https:\/\/podkarpacka.iarp.pl\/index.php?rest_route=\/wp\/v2\/users\/7"}],"replies":[{"embeddable":true,"href":"https:\/\/podkarpacka.iarp.pl\/index.php?rest_route=%2Fwp%2Fv2%2Fcomments&post=431"}],"version-history":[{"count":33,"href":"https:\/\/podkarpacka.iarp.pl\/index.php?rest_route=\/wp\/v2\/pages\/431\/revisions"}],"predecessor-version":[{"id":8117,"href":"https:\/\/podkarpacka.iarp.pl\/index.php?rest_route=\/wp\/v2\/pages\/431\/revisions\/8117"}],"up":[{"embeddable":true,"href":"https:\/\/podkarpacka.iarp.pl\/index.php?rest_route=\/wp\/v2\/pages\/378"}],"wp:attachment":[{"href":"https:\/\/podkarpacka.iarp.pl\/index.php?rest_route=%2Fwp%2Fv2%2Fmedia&parent=431"}],"curies":[{"name":"wp","href":"https:\/\/api.w.org\/{rel}","templated":true}]}}