{"id":87,"date":"2014-08-31T11:30:22","date_gmt":"2014-08-31T11:30:22","guid":{"rendered":"http:\/\/weeklynews-wp.mipdesign.com\/?page_id=87"},"modified":"2024-01-16T10:14:23","modified_gmt":"2024-01-16T08:14:23","slug":"kontakt","status":"publish","type":"page","link":"https:\/\/podkarpacka.iarp.pl\/?page_id=87","title":{"rendered":"INFORMACJE KONTAKTOWE"},"content":{"rendered":"<p>[vc_row][vc_column][vc_column_text]<img loading=\"lazy\" decoding=\"async\" class=\" wp-image-356 alignleft\" style=\"margin-right: 40px;\" src=\"https:\/\/podkarpacka.iarp.pl\/wp-content\/uploads\/2014\/08\/logo-izba-architektow.png\" alt=\"logo izba architektow\" width=\"284\" height=\"200\" \/><\/p>\n<h2><strong>Podkarpacka Okr\u0119gowa Izba Architekt\u00f3w<\/strong><br \/>\n<strong> Rzeczypospolitej Polskiej<\/strong><\/h2>\n<p><strong>RYNEK 8 (I PI\u0118TRO), 35-064 RZESZ\u00d3W, PODKARPACKIE<br \/>\nTEL. (17) 862-28-89<br \/>\nE-MAIL:\u00a0<a href=\"mailto:podkarpacka@izbaarchitektow.pl\">PODKARPACKA@IZBAARCHITEKTOW.PL<\/a><br \/>\n<a href=\"http:\/\/www.podkarpacka.iarp.pl\/\">WWW.PODKARPACKA.IARP.PL<\/a><\/strong><\/p>\n<p>&nbsp;<\/p>\n<hr \/>\n<p>[\/vc_column_text][\/vc_column][\/vc_row][vc_row][vc_column width=&#8221;1\/2&#8243;][vc_column_text]<\/p>\n<h4><strong>Numer Konta Bankowego\u00a0PKOIA RP<\/strong><\/h4>\n<h3>20 1020 4391 0000 6202 0002 7334<\/h3>\n<h5>Powszechna Kasa Oszcz\u0119dno\u015bci \u00a0Bank Polski \u00a0SA<\/h5>\n<p>Przy dokonywaniu op\u0142at na blankietach przelew\u00f3w<br \/>\nprosimy o dopisywanie numeru cz\u0142onkowskiego<br \/>\nosoby, za kt\u00f3r\u0105 dokonywana jest wp\u0142ata: PK-&#8230;[\/vc_column_text][\/vc_column][vc_column width=&#8221;1\/2&#8243;][vc_column_text]<\/p>\n<h4><strong>Biuro Podkarpackiej\u00a0Okr\u0119gowej Izby Architekt\u00f3w<\/strong><\/h4>\n<p>Czynne od poniedzia\u0142ku do pi\u0105tku od 9<sup>oo<\/sup> do 16<sup>oo<\/sup><\/p>\n<h4 style=\"margin: 32px 0px 0px; text-align: left;\"><strong>Obs\u0142uga\u00a0Biura Okr\u0119gowej Izby Architekt\u00f3w<\/strong><\/h4>\n<h5><strong>Ewa Inglot\u00a0 \u00a0 \u00a0 \u00a0 \u00a0 \u00a0 \u00a0&#8211;<\/strong> G\u0142\u00f3wna Ksi\u0119gowa PKOIA RP<\/h5>\n<h5><strong>Anna Horska\u00a0 \u00a0 \u00a0 \u00a0 &#8211; Pracownik Biurowy<\/strong><\/h5>\n<p>[\/vc_column_text][\/vc_column][\/vc_row][vc_row][vc_column][vc_gmaps link=&#8221;#E-8_JTNDaWZyYW1lJTIwc3JjJTNEJTIyaHR0cHMlM0ElMkYlMkZ3d3cuZ29vZ2xlLmNvbSUyRm1hcHMlMkZlbWJlZCUzRnBiJTNEJTIxMW0yNyUyMTFtMTIlMjExbTMlMjExZDI1NjIuNjI0MzYyMzAzMTMlMjEyZDIyLjAwMjk0MzI5ODY3NDQyOCUyMTNkNTAuMDM3MTM0MTc3MTQxMTglMjEybTMlMjExZjAlMjEyZjAlMjEzZjAlMjEzbTIlMjExaTEwMjQlMjEyaTc2OCUyMTRmMTMuMSUyMTRtMTIlMjExaTAlMjEzZTAlMjE0bTUlMjExczB4NDczY2ZiMDIwNTE5NWI4YiUyNTNBMHgzYWQ5MWRkYmYwYzFkNDIzJTIxMnNQb2RrYXJwYWNrYSUyQk9rciUyNUM0JTI1OTlnb3dhJTJCSXpiYSUyQkFyY2hpdGVrdCUyNUMzJTI1QjN3JTI1MkMlMkJSeW5layUyQjglMjUyQyUyQlJ6ZXN6JTI1QzMlMjVCM3clMjUyQyUyQlBvbGFuZCUyMTNtMiUyMTFkNTAuMDM3MTgzOTk5OTk5OTk2JTIxMmQyMi4wMDU0NzElMjE0bTMlMjEzbTIlMjExZDUwLjAzNzE1MjElMjEyZDIyLjAwNDkzODYlMjE1ZTAlMjEzbTIlMjExc2VuJTIxMnNwbCUyMTR2MTQyNDQ3MTU4NjEzNSUyMiUyMHdpZHRoJTNEJTIyNjAwJTIyJTIwaGVpZ2h0JTNEJTIyNDUwJTIyJTIwZnJhbWVib3JkZXIlM0QlMjIwJTIyJTIwc3R5bGUlM0QlMjJib3JkZXIlM0EwJTIyJTNFJTNDJTJGaWZyYW1lJTNF&#8221; size=&#8221;400&#8243;][\/vc_column][\/vc_row]<\/p>\n","protected":false},"excerpt":{"rendered":"<p>[vc_row][vc_column][vc_column_text] Podkarpacka Okr\u0119gowa Izba Architekt\u00f3w Rzeczypospolitej Polskiej RYNEK 8 (I PI\u0118TRO), 35-064 RZESZ\u00d3W, PODKARPACKIE TEL. (17) 862-28-89 E-MAIL:\u00a0PODKARPACKA@IZBAARCHITEKTOW.PL WWW.PODKARPACKA.IARP.PL &nbsp; [\/vc_column_text][\/vc_column][\/vc_row][vc_row][vc_column width=&#8221;1\/2&#8243;][vc_column_text] Numer Konta Bankowego\u00a0PKOIA RP 20 1020 4391 0000 6202 0002 7334 Powszechna Kasa Oszcz\u0119dno\u015bci \u00a0Bank Polski \u00a0SA Przy dokonywaniu op\u0142at na blankietach przelew\u00f3w prosimy o dopisywanie numeru cz\u0142onkowskiego osoby, za kt\u00f3r\u0105 dokonywana jest [&hellip;]<\/p>\n","protected":false},"author":7,"featured_media":776,"parent":0,"menu_order":8,"comment_status":"open","ping_status":"closed","template":"","meta":{"footnotes":""},"class_list":["post-87","page","type-page","status-publish","has-post-thumbnail","hentry"],"publishpress_future_action":{"enabled":false,"date":"2026-05-04 19:57:47","action":"change-status","newStatus":"draft","terms":[],"taxonomy":"","extraData":[]},"publishpress_future_workflow_manual_trigger":{"enabledWorkflows":[]},"_links":{"self":[{"href":"https:\/\/podkarpacka.iarp.pl\/index.php?rest_route=\/wp\/v2\/pages\/87","targetHints":{"allow":["GET"]}}],"collection":[{"href":"https:\/\/podkarpacka.iarp.pl\/index.php?rest_route=\/wp\/v2\/pages"}],"about":[{"href":"https:\/\/podkarpacka.iarp.pl\/index.php?rest_route=\/wp\/v2\/types\/page"}],"author":[{"embeddable":true,"href":"https:\/\/podkarpacka.iarp.pl\/index.php?rest_route=\/wp\/v2\/users\/7"}],"replies":[{"embeddable":true,"href":"https:\/\/podkarpacka.iarp.pl\/index.php?rest_route=%2Fwp%2Fv2%2Fcomments&post=87"}],"version-history":[{"count":23,"href":"https:\/\/podkarpacka.iarp.pl\/index.php?rest_route=\/wp\/v2\/pages\/87\/revisions"}],"predecessor-version":[{"id":6481,"href":"https:\/\/podkarpacka.iarp.pl\/index.php?rest_route=\/wp\/v2\/pages\/87\/revisions\/6481"}],"wp:featuredmedia":[{"embeddable":true,"href":"https:\/\/podkarpacka.iarp.pl\/index.php?rest_route=\/wp\/v2\/media\/776"}],"wp:attachment":[{"href":"https:\/\/podkarpacka.iarp.pl\/index.php?rest_route=%2Fwp%2Fv2%2Fmedia&parent=87"}],"curies":[{"name":"wp","href":"https:\/\/api.w.org\/{rel}","templated":true}]}}